{"id":84416,"date":"2026-04-23T00:31:53","date_gmt":"2026-04-22T21:31:53","guid":{"rendered":"https:\/\/rezekne.citro.lv\/veikals\/trauku-komplekts-6-personam-6-glazes-baltas-250ml-6-skivji\/"},"modified":"2026-05-12T06:03:11","modified_gmt":"2026-05-12T03:03:11","slug":"trauku-komplekts-6-personam-6-glazes-baltas-250ml-6-skivji","status":"publish","type":"product","link":"https:\/\/rezekne.citro.lv\/ru\/product\/trauku-komplekts-6-personam-6-glazes-baltas-250ml-6-skivji\/","title":{"rendered":"TRAUKU KOMPLEKTS 6 PERSON\u0100M (6 GL\u0100ZES BALTAS 250ML, 6 \u0160\u0136\u012aVJI )"},"content":{"rendered":"","protected":false},"excerpt":{"rendered":"","protected":false},"featured_media":93751,"template":"","meta":{"_acf_changed":false,"inline_featured_image":false},"product_cat":[131,183],"product_tag":[],"acf":[],"aioseo_notices":[],"_links":{"self":[{"href":"https:\/\/rezekne.citro.lv\/ru\/wp-json\/wp\/v2\/product\/84416"}],"collection":[{"href":"https:\/\/rezekne.citro.lv\/ru\/wp-json\/wp\/v2\/product"}],"about":[{"href":"https:\/\/rezekne.citro.lv\/ru\/wp-json\/wp\/v2\/types\/product"}],"wp:featuredmedia":[{"embeddable":true,"href":"https:\/\/rezekne.citro.lv\/ru\/wp-json\/wp\/v2\/media\/93751"}],"wp:attachment":[{"href":"https:\/\/rezekne.citro.lv\/ru\/wp-json\/wp\/v2\/media?parent=84416"}],"wp:term":[{"taxonomy":"product_cat","embeddable":true,"href":"https:\/\/rezekne.citro.lv\/ru\/wp-json\/wp\/v2\/product_cat?post=84416"},{"taxonomy":"product_tag","embeddable":true,"href":"https:\/\/rezekne.citro.lv\/ru\/wp-json\/wp\/v2\/product_tag?post=84416"}],"curies":[{"name":"wp","href":"https:\/\/api.w.org\/{rel}","templated":true}]}}