{"id":84448,"date":"2026-03-26T00:19:00","date_gmt":"2026-03-25T22:19:00","guid":{"rendered":"https:\/\/rezekne.citro.lv\/veikals\/konservi-bretlinas-apceptas-tomatu-merce-eo-240g-144g-brasla\/"},"modified":"2026-04-16T06:02:55","modified_gmt":"2026-04-16T03:02:55","slug":"konservi-bretlinas-apceptas-tomatu-merce-eo-240g-144g-brasla","status":"publish","type":"product","link":"https:\/\/rezekne.citro.lv\/ru\/product\/konservi-bretlinas-apceptas-tomatu-merce-eo-240g-144g-brasla\/","title":{"rendered":"KONSERVI BR\u0112TLI\u0145AS APCEPTAS TOM\u0100TU M\u0112RC\u0112 EO 240G\/144G BRASLA"},"content":{"rendered":"<p>Izcelsmes valsts: Latvija<\/p>\n","protected":false},"excerpt":{"rendered":"<p>8.96 \u20ac\/KG<\/p>\n","protected":false},"featured_media":87056,"template":"","meta":{"_acf_changed":false,"inline_featured_image":false},"product_cat":[135,136],"product_tag":[],"acf":[],"aioseo_notices":[],"_links":{"self":[{"href":"https:\/\/rezekne.citro.lv\/ru\/wp-json\/wp\/v2\/product\/84448"}],"collection":[{"href":"https:\/\/rezekne.citro.lv\/ru\/wp-json\/wp\/v2\/product"}],"about":[{"href":"https:\/\/rezekne.citro.lv\/ru\/wp-json\/wp\/v2\/types\/product"}],"wp:featuredmedia":[{"embeddable":true,"href":"https:\/\/rezekne.citro.lv\/ru\/wp-json\/wp\/v2\/media\/87056"}],"wp:attachment":[{"href":"https:\/\/rezekne.citro.lv\/ru\/wp-json\/wp\/v2\/media?parent=84448"}],"wp:term":[{"taxonomy":"product_cat","embeddable":true,"href":"https:\/\/rezekne.citro.lv\/ru\/wp-json\/wp\/v2\/product_cat?post=84448"},{"taxonomy":"product_tag","embeddable":true,"href":"https:\/\/rezekne.citro.lv\/ru\/wp-json\/wp\/v2\/product_tag?post=84448"}],"curies":[{"name":"wp","href":"https:\/\/api.w.org\/{rel}","templated":true}]}}