{"id":84449,"date":"2026-04-22T00:02:45","date_gmt":"2026-04-21T21:02:45","guid":{"rendered":"https:\/\/rezekne.citro.lv\/veikals\/pudins-alma-avenu-maskarpone-230g-valio\/"},"modified":"2026-04-22T00:02:47","modified_gmt":"2026-04-21T21:02:47","slug":"pudins-alma-avenu-maskarpone-230g-valio","status":"publish","type":"product","link":"https:\/\/rezekne.citro.lv\/ru\/product\/pudins-alma-avenu-maskarpone-230g-valio\/","title":{"rendered":"PUDI\u0145\u0160 ALMA AVE\u0145U MASKARPONE 230G"},"content":{"rendered":"<p>Izcelsmes valsts: Igaunija<\/p>\n","protected":false},"excerpt":{"rendered":"<p>4.74 \u20ac\/KG<\/p>\n","protected":false},"featured_media":82699,"template":"","meta":{"_acf_changed":false,"inline_featured_image":false},"product_cat":[95,100],"product_tag":[],"acf":[],"aioseo_notices":[],"_links":{"self":[{"href":"https:\/\/rezekne.citro.lv\/ru\/wp-json\/wp\/v2\/product\/84449"}],"collection":[{"href":"https:\/\/rezekne.citro.lv\/ru\/wp-json\/wp\/v2\/product"}],"about":[{"href":"https:\/\/rezekne.citro.lv\/ru\/wp-json\/wp\/v2\/types\/product"}],"wp:featuredmedia":[{"embeddable":true,"href":"https:\/\/rezekne.citro.lv\/ru\/wp-json\/wp\/v2\/media\/82699"}],"wp:attachment":[{"href":"https:\/\/rezekne.citro.lv\/ru\/wp-json\/wp\/v2\/media?parent=84449"}],"wp:term":[{"taxonomy":"product_cat","embeddable":true,"href":"https:\/\/rezekne.citro.lv\/ru\/wp-json\/wp\/v2\/product_cat?post=84449"},{"taxonomy":"product_tag","embeddable":true,"href":"https:\/\/rezekne.citro.lv\/ru\/wp-json\/wp\/v2\/product_tag?post=84449"}],"curies":[{"name":"wp","href":"https:\/\/api.w.org\/{rel}","templated":true}]}}