{"id":84552,"date":"2026-03-26T00:19:07","date_gmt":"2026-03-25T22:19:07","guid":{"rendered":"https:\/\/rezekne.citro.lv\/veikals\/dzeriens-mezezers-bezalkoholisks-dzirkstoss-apelsinu-spritz-0-5l\/"},"modified":"2026-04-04T06:03:03","modified_gmt":"2026-04-04T03:03:03","slug":"dzeriens-mezezers-bezalkoholisks-dzirkstoss-apelsinu-spritz-0-5l","status":"publish","type":"product","link":"https:\/\/rezekne.citro.lv\/ru\/product\/dzeriens-mezezers-bezalkoholisks-dzirkstoss-apelsinu-spritz-0-5l\/","title":{"rendered":"DZ\u0112RIENS ME\u017dEZERS BEZALKOHOLISKS DZIRKSTO\u0160S APELS\u012aNU SPRITZ.0.5L"},"content":{"rendered":"<p>Izcelsmes valsts: Latvija<\/p>\n","protected":false},"excerpt":{"rendered":"<p>3.78 \u20ac\/L<\/p>\n","protected":false},"featured_media":87314,"template":"","meta":{"_acf_changed":false,"inline_featured_image":false},"product_cat":[106,107],"product_tag":[],"acf":[],"aioseo_notices":[],"_links":{"self":[{"href":"https:\/\/rezekne.citro.lv\/ru\/wp-json\/wp\/v2\/product\/84552"}],"collection":[{"href":"https:\/\/rezekne.citro.lv\/ru\/wp-json\/wp\/v2\/product"}],"about":[{"href":"https:\/\/rezekne.citro.lv\/ru\/wp-json\/wp\/v2\/types\/product"}],"wp:featuredmedia":[{"embeddable":true,"href":"https:\/\/rezekne.citro.lv\/ru\/wp-json\/wp\/v2\/media\/87314"}],"wp:attachment":[{"href":"https:\/\/rezekne.citro.lv\/ru\/wp-json\/wp\/v2\/media?parent=84552"}],"wp:term":[{"taxonomy":"product_cat","embeddable":true,"href":"https:\/\/rezekne.citro.lv\/ru\/wp-json\/wp\/v2\/product_cat?post=84552"},{"taxonomy":"product_tag","embeddable":true,"href":"https:\/\/rezekne.citro.lv\/ru\/wp-json\/wp\/v2\/product_tag?post=84552"}],"curies":[{"name":"wp","href":"https:\/\/api.w.org\/{rel}","templated":true}]}}