{"id":84556,"date":"2026-04-23T00:34:30","date_gmt":"2026-04-22T21:34:30","guid":{"rendered":"https:\/\/rezekne.citro.lv\/veikals\/steiks-c-g-texasas-gaume-karba-450g-rgk\/"},"modified":"2026-04-28T06:03:54","modified_gmt":"2026-04-28T03:03:54","slug":"steiks-c-g-texasas-gaume-karba-450g-rgk","status":"publish","type":"product","link":"https:\/\/rezekne.citro.lv\/ru\/product\/steiks-c-g-texasas-gaume-karba-450g-rgk\/","title":{"rendered":"STEIKS C\/G TEXASAS GAUM\u0112 K\u0100RB\u0100 450G RGK"},"content":{"rendered":"<p>Izcelsmes valsts: Latvija<\/p>\n","protected":false},"excerpt":{"rendered":"<p>7.53 \u20ac\/KG<\/p>\n","protected":false},"featured_media":86495,"template":"","meta":{"_acf_changed":false,"inline_featured_image":false},"product_cat":[135,182],"product_tag":[],"acf":[],"aioseo_notices":[],"_links":{"self":[{"href":"https:\/\/rezekne.citro.lv\/ru\/wp-json\/wp\/v2\/product\/84556"}],"collection":[{"href":"https:\/\/rezekne.citro.lv\/ru\/wp-json\/wp\/v2\/product"}],"about":[{"href":"https:\/\/rezekne.citro.lv\/ru\/wp-json\/wp\/v2\/types\/product"}],"wp:featuredmedia":[{"embeddable":true,"href":"https:\/\/rezekne.citro.lv\/ru\/wp-json\/wp\/v2\/media\/86495"}],"wp:attachment":[{"href":"https:\/\/rezekne.citro.lv\/ru\/wp-json\/wp\/v2\/media?parent=84556"}],"wp:term":[{"taxonomy":"product_cat","embeddable":true,"href":"https:\/\/rezekne.citro.lv\/ru\/wp-json\/wp\/v2\/product_cat?post=84556"},{"taxonomy":"product_tag","embeddable":true,"href":"https:\/\/rezekne.citro.lv\/ru\/wp-json\/wp\/v2\/product_tag?post=84556"}],"curies":[{"name":"wp","href":"https:\/\/api.w.org\/{rel}","templated":true}]}}