{"id":84565,"date":"2026-04-23T01:02:19","date_gmt":"2026-04-22T22:02:19","guid":{"rendered":"https:\/\/rezekne.citro.lv\/veikals\/sausmaizites-selga-nature-ar-timianu-un-seklam-200g\/"},"modified":"2026-05-06T18:00:22","modified_gmt":"2026-05-06T15:00:22","slug":"sausmaizites-selga-nature-ar-timianu-un-seklam-200g","status":"publish","type":"product","link":"https:\/\/rezekne.citro.lv\/ru\/product\/sausmaizites-selga-nature-ar-timianu-un-seklam-200g\/","title":{"rendered":"SAUSMAIZ\u012aTES SELGA NATURE  AR TIMI\u0100NU UN S\u0112KL\u0100M 200G"},"content":{"rendered":"<p>Izcelsmes valsts: Latvija<\/p>\n","protected":false},"excerpt":{"rendered":"<p>14.95 \u20ac\/KG<\/p>\n","protected":false},"featured_media":81039,"template":"","meta":{"_acf_changed":false,"inline_featured_image":false},"product_cat":[215,563],"product_tag":[],"acf":[],"aioseo_notices":[],"_links":{"self":[{"href":"https:\/\/rezekne.citro.lv\/ru\/wp-json\/wp\/v2\/product\/84565"}],"collection":[{"href":"https:\/\/rezekne.citro.lv\/ru\/wp-json\/wp\/v2\/product"}],"about":[{"href":"https:\/\/rezekne.citro.lv\/ru\/wp-json\/wp\/v2\/types\/product"}],"wp:featuredmedia":[{"embeddable":true,"href":"https:\/\/rezekne.citro.lv\/ru\/wp-json\/wp\/v2\/media\/81039"}],"wp:attachment":[{"href":"https:\/\/rezekne.citro.lv\/ru\/wp-json\/wp\/v2\/media?parent=84565"}],"wp:term":[{"taxonomy":"product_cat","embeddable":true,"href":"https:\/\/rezekne.citro.lv\/ru\/wp-json\/wp\/v2\/product_cat?post=84565"},{"taxonomy":"product_tag","embeddable":true,"href":"https:\/\/rezekne.citro.lv\/ru\/wp-json\/wp\/v2\/product_tag?post=84565"}],"curies":[{"name":"wp","href":"https:\/\/api.w.org\/{rel}","templated":true}]}}