{"id":84566,"date":"2026-04-23T01:01:11","date_gmt":"2026-04-22T22:01:11","guid":{"rendered":"https:\/\/rezekne.citro.lv\/veikals\/sasliks-armenu-sausaja-marinade-kg\/"},"modified":"2026-05-11T06:10:45","modified_gmt":"2026-05-11T03:10:45","slug":"sasliks-armenu-sausaja-marinade-kg","status":"publish","type":"product","link":"https:\/\/rezekne.citro.lv\/ru\/product\/sasliks-armenu-sausaja-marinade-kg\/","title":{"rendered":"\u0160A\u0160LIKS ARM\u0112\u0145U SAUSAJ\u0100 MARIN\u0100D\u0112 KG"},"content":{"rendered":"<p>Izcelsmes valsts: Lietuva<\/p>\n","protected":false},"excerpt":{"rendered":"<p>7.49 \u20ac\/KG<\/p>\n","protected":false},"featured_media":0,"template":"","meta":{"_acf_changed":false,"inline_featured_image":false},"product_cat":[135,182],"product_tag":[],"acf":[],"aioseo_notices":[],"_links":{"self":[{"href":"https:\/\/rezekne.citro.lv\/ru\/wp-json\/wp\/v2\/product\/84566"}],"collection":[{"href":"https:\/\/rezekne.citro.lv\/ru\/wp-json\/wp\/v2\/product"}],"about":[{"href":"https:\/\/rezekne.citro.lv\/ru\/wp-json\/wp\/v2\/types\/product"}],"wp:attachment":[{"href":"https:\/\/rezekne.citro.lv\/ru\/wp-json\/wp\/v2\/media?parent=84566"}],"wp:term":[{"taxonomy":"product_cat","embeddable":true,"href":"https:\/\/rezekne.citro.lv\/ru\/wp-json\/wp\/v2\/product_cat?post=84566"},{"taxonomy":"product_tag","embeddable":true,"href":"https:\/\/rezekne.citro.lv\/ru\/wp-json\/wp\/v2\/product_tag?post=84566"}],"curies":[{"name":"wp","href":"https:\/\/api.w.org\/{rel}","templated":true}]}}