{"id":84596,"date":"2026-04-23T00:46:27","date_gmt":"2026-04-22T21:46:27","guid":{"rendered":"https:\/\/rezekne.citro.lv\/veikals\/tabletes-trauku-mazgajamajam-masinam-professional-dr-prakti-16gx30gab\/"},"modified":"2026-04-23T00:46:31","modified_gmt":"2026-04-22T21:46:31","slug":"tabletes-trauku-mazgajamajam-masinam-professional-dr-prakti-16gx30gab","status":"publish","type":"product","link":"https:\/\/rezekne.citro.lv\/ru\/product\/tabletes-trauku-mazgajamajam-masinam-professional-dr-prakti-16gx30gab\/","title":{"rendered":"TABLETES TRAUKU MAZG\u0100JAMAJ\u0100M MA\u0160\u012aN\u0100M PROFESSIONAL DR. PRAKTI 16GX30GAB."},"content":{"rendered":"","protected":false},"excerpt":{"rendered":"<p>0.10 \u20ac\/GAB<\/p>\n","protected":false},"featured_media":86630,"template":"","meta":{"_acf_changed":false,"inline_featured_image":false},"product_cat":[131,169],"product_tag":[],"acf":[],"aioseo_notices":[],"_links":{"self":[{"href":"https:\/\/rezekne.citro.lv\/ru\/wp-json\/wp\/v2\/product\/84596"}],"collection":[{"href":"https:\/\/rezekne.citro.lv\/ru\/wp-json\/wp\/v2\/product"}],"about":[{"href":"https:\/\/rezekne.citro.lv\/ru\/wp-json\/wp\/v2\/types\/product"}],"wp:featuredmedia":[{"embeddable":true,"href":"https:\/\/rezekne.citro.lv\/ru\/wp-json\/wp\/v2\/media\/86630"}],"wp:attachment":[{"href":"https:\/\/rezekne.citro.lv\/ru\/wp-json\/wp\/v2\/media?parent=84596"}],"wp:term":[{"taxonomy":"product_cat","embeddable":true,"href":"https:\/\/rezekne.citro.lv\/ru\/wp-json\/wp\/v2\/product_cat?post=84596"},{"taxonomy":"product_tag","embeddable":true,"href":"https:\/\/rezekne.citro.lv\/ru\/wp-json\/wp\/v2\/product_tag?post=84596"}],"curies":[{"name":"wp","href":"https:\/\/api.w.org\/{rel}","templated":true}]}}