{"id":84598,"date":"2026-04-23T00:46:27","date_gmt":"2026-04-22T21:46:27","guid":{"rendered":"https:\/\/rezekne.citro.lv\/veikals\/trauku-mazgajamo-masinu-tirisanas-tabletes-dr-prakti-express-clean-3gab\/"},"modified":"2026-04-23T00:46:32","modified_gmt":"2026-04-22T21:46:32","slug":"trauku-mazgajamo-masinu-tirisanas-tabletes-dr-prakti-express-clean-3gab","status":"publish","type":"product","link":"https:\/\/rezekne.citro.lv\/ru\/product\/trauku-mazgajamo-masinu-tirisanas-tabletes-dr-prakti-express-clean-3gab\/","title":{"rendered":"TRAUKU MAZG\u0100JAMO MA\u0160\u012aNU T\u012aR\u012a\u0160ANAS TABLETES DR. PRAKTI EXPRESS CLEAN 3GAB"},"content":{"rendered":"","protected":false},"excerpt":{"rendered":"<p>0.46 \u20ac\/GAB<\/p>\n","protected":false},"featured_media":86150,"template":"","meta":{"_acf_changed":false,"inline_featured_image":false},"product_cat":[131,169],"product_tag":[],"acf":[],"aioseo_notices":[],"_links":{"self":[{"href":"https:\/\/rezekne.citro.lv\/ru\/wp-json\/wp\/v2\/product\/84598"}],"collection":[{"href":"https:\/\/rezekne.citro.lv\/ru\/wp-json\/wp\/v2\/product"}],"about":[{"href":"https:\/\/rezekne.citro.lv\/ru\/wp-json\/wp\/v2\/types\/product"}],"wp:featuredmedia":[{"embeddable":true,"href":"https:\/\/rezekne.citro.lv\/ru\/wp-json\/wp\/v2\/media\/86150"}],"wp:attachment":[{"href":"https:\/\/rezekne.citro.lv\/ru\/wp-json\/wp\/v2\/media?parent=84598"}],"wp:term":[{"taxonomy":"product_cat","embeddable":true,"href":"https:\/\/rezekne.citro.lv\/ru\/wp-json\/wp\/v2\/product_cat?post=84598"},{"taxonomy":"product_tag","embeddable":true,"href":"https:\/\/rezekne.citro.lv\/ru\/wp-json\/wp\/v2\/product_tag?post=84598"}],"curies":[{"name":"wp","href":"https:\/\/api.w.org\/{rel}","templated":true}]}}