{"id":84639,"date":"2025-12-18T00:05:49","date_gmt":"2025-12-17T22:05:49","guid":{"rendered":"https:\/\/rezekne.citro.lv\/veikals\/maisijums-darzenu-bauer-easy-wok-cepsanai-400g\/"},"modified":"2026-04-16T06:04:58","modified_gmt":"2026-04-16T03:04:58","slug":"maisijums-darzenu-bauer-easy-wok-cepsanai-400g","status":"publish","type":"product","link":"https:\/\/rezekne.citro.lv\/ru\/product\/maisijums-darzenu-bauer-easy-wok-cepsanai-400g\/","title":{"rendered":"MAIS\u012aJUMS D\u0100RZE\u0145U BAUER EASY WOK CEP\u0160ANAI 400G"},"content":{"rendered":"<p>Izcelsmes valsts: Polija<\/p>\n","protected":false},"excerpt":{"rendered":"<p>3.98 \u20ac\/KG<\/p>\n","protected":false},"featured_media":87195,"template":"","meta":{"_acf_changed":false,"inline_featured_image":false},"product_cat":[231,232],"product_tag":[],"acf":[],"aioseo_notices":[],"_links":{"self":[{"href":"https:\/\/rezekne.citro.lv\/ru\/wp-json\/wp\/v2\/product\/84639"}],"collection":[{"href":"https:\/\/rezekne.citro.lv\/ru\/wp-json\/wp\/v2\/product"}],"about":[{"href":"https:\/\/rezekne.citro.lv\/ru\/wp-json\/wp\/v2\/types\/product"}],"wp:featuredmedia":[{"embeddable":true,"href":"https:\/\/rezekne.citro.lv\/ru\/wp-json\/wp\/v2\/media\/87195"}],"wp:attachment":[{"href":"https:\/\/rezekne.citro.lv\/ru\/wp-json\/wp\/v2\/media?parent=84639"}],"wp:term":[{"taxonomy":"product_cat","embeddable":true,"href":"https:\/\/rezekne.citro.lv\/ru\/wp-json\/wp\/v2\/product_cat?post=84639"},{"taxonomy":"product_tag","embeddable":true,"href":"https:\/\/rezekne.citro.lv\/ru\/wp-json\/wp\/v2\/product_tag?post=84639"}],"curies":[{"name":"wp","href":"https:\/\/api.w.org\/{rel}","templated":true}]}}