{"id":84736,"date":"2026-04-21T00:02:15","date_gmt":"2026-04-20T21:02:15","guid":{"rendered":"https:\/\/rezekne.citro.lv\/veikals\/konfektes-irisa-ar-trifelu-pildijumu-nutto-boom-kg\/"},"modified":"2026-04-21T00:02:16","modified_gmt":"2026-04-20T21:02:16","slug":"konfektes-irisa-ar-trifelu-pildijumu-nutto-boom-kg","status":"publish","type":"product","link":"https:\/\/rezekne.citro.lv\/ru\/product\/konfektes-irisa-ar-trifelu-pildijumu-nutto-boom-kg\/","title":{"rendered":"KONFEKTES \u012aRISA AR TRIFE\u013bU PILD\u012aJUMU NUTTO BOOM KG"},"content":{"rendered":"<p>Izcelsmes valsts: Ukraina<\/p>\n","protected":false},"excerpt":{"rendered":"<p>7.99 \u20ac\/KG<\/p>\n","protected":false},"featured_media":0,"template":"","meta":{"_acf_changed":false,"inline_featured_image":false},"product_cat":[125,201],"product_tag":[],"acf":[],"aioseo_notices":[],"_links":{"self":[{"href":"https:\/\/rezekne.citro.lv\/ru\/wp-json\/wp\/v2\/product\/84736"}],"collection":[{"href":"https:\/\/rezekne.citro.lv\/ru\/wp-json\/wp\/v2\/product"}],"about":[{"href":"https:\/\/rezekne.citro.lv\/ru\/wp-json\/wp\/v2\/types\/product"}],"wp:attachment":[{"href":"https:\/\/rezekne.citro.lv\/ru\/wp-json\/wp\/v2\/media?parent=84736"}],"wp:term":[{"taxonomy":"product_cat","embeddable":true,"href":"https:\/\/rezekne.citro.lv\/ru\/wp-json\/wp\/v2\/product_cat?post=84736"},{"taxonomy":"product_tag","embeddable":true,"href":"https:\/\/rezekne.citro.lv\/ru\/wp-json\/wp\/v2\/product_tag?post=84736"}],"curies":[{"name":"wp","href":"https:\/\/api.w.org\/{rel}","templated":true}]}}