{"id":84755,"date":"2026-04-23T00:32:10","date_gmt":"2026-04-22T21:32:10","guid":{"rendered":"https:\/\/rezekne.citro.lv\/veikals\/papira-paliktni-lalynea-rulli-2-slani-80-loksnes\/"},"modified":"2026-05-01T06:03:52","modified_gmt":"2026-05-01T03:03:52","slug":"papira-paliktni-lalynea-rulli-2-slani-80-loksnes","status":"publish","type":"product","link":"https:\/\/rezekne.citro.lv\/ru\/product\/papira-paliktni-lalynea-rulli-2-slani-80-loksnes\/","title":{"rendered":"PAP\u012aRA PALIKT\u0145I LALYNEA RULL\u012a 2 SL\u0100\u0145I 80 LOKSNES"},"content":{"rendered":"","protected":false},"excerpt":{"rendered":"","protected":false},"featured_media":85697,"template":"","meta":{"_acf_changed":false,"inline_featured_image":false},"product_cat":[131,163],"product_tag":[],"acf":[],"aioseo_notices":[],"_links":{"self":[{"href":"https:\/\/rezekne.citro.lv\/ru\/wp-json\/wp\/v2\/product\/84755"}],"collection":[{"href":"https:\/\/rezekne.citro.lv\/ru\/wp-json\/wp\/v2\/product"}],"about":[{"href":"https:\/\/rezekne.citro.lv\/ru\/wp-json\/wp\/v2\/types\/product"}],"wp:featuredmedia":[{"embeddable":true,"href":"https:\/\/rezekne.citro.lv\/ru\/wp-json\/wp\/v2\/media\/85697"}],"wp:attachment":[{"href":"https:\/\/rezekne.citro.lv\/ru\/wp-json\/wp\/v2\/media?parent=84755"}],"wp:term":[{"taxonomy":"product_cat","embeddable":true,"href":"https:\/\/rezekne.citro.lv\/ru\/wp-json\/wp\/v2\/product_cat?post=84755"},{"taxonomy":"product_tag","embeddable":true,"href":"https:\/\/rezekne.citro.lv\/ru\/wp-json\/wp\/v2\/product_tag?post=84755"}],"curies":[{"name":"wp","href":"https:\/\/api.w.org\/{rel}","templated":true}]}}