{"id":84764,"date":"2025-09-11T00:15:37","date_gmt":"2025-09-10T21:15:37","guid":{"rendered":"https:\/\/rezekne.citro.lv\/veikals\/velas-mazgasanas-lidzeklis-kastanis-3in1-effect-900ml\/"},"modified":"2026-04-27T06:00:31","modified_gmt":"2026-04-27T03:00:31","slug":"velas-mazgasanas-lidzeklis-kastanis-3in1-effect-900ml","status":"publish","type":"product","link":"https:\/\/rezekne.citro.lv\/ru\/product\/velas-mazgasanas-lidzeklis-kastanis-3in1-effect-900ml\/","title":{"rendered":"VE\u013bAS MAZG\u0100\u0160ANAS L\u012aDZEKLIS KASTANIS 3IN1 EFFECT 900ML"},"content":{"rendered":"","protected":false},"excerpt":{"rendered":"<p>4.88 \u20ac\/L<\/p>\n","protected":false},"featured_media":92057,"template":"","meta":{"_acf_changed":false,"inline_featured_image":false},"product_cat":[131,184],"product_tag":[],"acf":[],"aioseo_notices":[],"_links":{"self":[{"href":"https:\/\/rezekne.citro.lv\/ru\/wp-json\/wp\/v2\/product\/84764"}],"collection":[{"href":"https:\/\/rezekne.citro.lv\/ru\/wp-json\/wp\/v2\/product"}],"about":[{"href":"https:\/\/rezekne.citro.lv\/ru\/wp-json\/wp\/v2\/types\/product"}],"wp:featuredmedia":[{"embeddable":true,"href":"https:\/\/rezekne.citro.lv\/ru\/wp-json\/wp\/v2\/media\/92057"}],"wp:attachment":[{"href":"https:\/\/rezekne.citro.lv\/ru\/wp-json\/wp\/v2\/media?parent=84764"}],"wp:term":[{"taxonomy":"product_cat","embeddable":true,"href":"https:\/\/rezekne.citro.lv\/ru\/wp-json\/wp\/v2\/product_cat?post=84764"},{"taxonomy":"product_tag","embeddable":true,"href":"https:\/\/rezekne.citro.lv\/ru\/wp-json\/wp\/v2\/product_tag?post=84764"}],"curies":[{"name":"wp","href":"https:\/\/api.w.org\/{rel}","templated":true}]}}