{"id":84765,"date":"2026-03-26T00:45:28","date_gmt":"2026-03-25T22:45:28","guid":{"rendered":"https:\/\/rezekne.citro.lv\/veikals\/putra-rudolfs-bio-trisgraudu-ar-augliem-dp-110g\/"},"modified":"2026-04-21T06:10:07","modified_gmt":"2026-04-21T03:10:07","slug":"putra-rudolfs-bio-trisgraudu-ar-augliem-dp-110g","status":"publish","type":"product","link":"https:\/\/rezekne.citro.lv\/ru\/product\/putra-rudolfs-bio-trisgraudu-ar-augliem-dp-110g\/","title":{"rendered":"PUTRA R\u016aDOLFS BIO TR\u012aSGRAUDU AR AUG\u013bIEM DP 110G"},"content":{"rendered":"<p>Izcelsmes valsts: Latvija<\/p>\n","protected":false},"excerpt":{"rendered":"<p>14.45 \u20ac\/KG<\/p>\n","protected":false},"featured_media":93632,"template":"","meta":{"_acf_changed":false,"inline_featured_image":false},"product_cat":[172,173],"product_tag":[],"acf":[],"aioseo_notices":[],"_links":{"self":[{"href":"https:\/\/rezekne.citro.lv\/ru\/wp-json\/wp\/v2\/product\/84765"}],"collection":[{"href":"https:\/\/rezekne.citro.lv\/ru\/wp-json\/wp\/v2\/product"}],"about":[{"href":"https:\/\/rezekne.citro.lv\/ru\/wp-json\/wp\/v2\/types\/product"}],"wp:featuredmedia":[{"embeddable":true,"href":"https:\/\/rezekne.citro.lv\/ru\/wp-json\/wp\/v2\/media\/93632"}],"wp:attachment":[{"href":"https:\/\/rezekne.citro.lv\/ru\/wp-json\/wp\/v2\/media?parent=84765"}],"wp:term":[{"taxonomy":"product_cat","embeddable":true,"href":"https:\/\/rezekne.citro.lv\/ru\/wp-json\/wp\/v2\/product_cat?post=84765"},{"taxonomy":"product_tag","embeddable":true,"href":"https:\/\/rezekne.citro.lv\/ru\/wp-json\/wp\/v2\/product_tag?post=84765"}],"curies":[{"name":"wp","href":"https:\/\/api.w.org\/{rel}","templated":true}]}}