{"id":84786,"date":"2026-04-23T00:19:30","date_gmt":"2026-04-22T21:19:30","guid":{"rendered":"https:\/\/rezekne.citro.lv\/veikals\/konfektes-zelejas-apelsinu-naskis-bits-70g-alis-co\/"},"modified":"2026-04-23T00:19:37","modified_gmt":"2026-04-22T21:19:37","slug":"konfektes-zelejas-apelsinu-naskis-bits-70g-alis-co","status":"publish","type":"product","link":"https:\/\/rezekne.citro.lv\/ru\/product\/konfektes-zelejas-apelsinu-naskis-bits-70g-alis-co\/","title":{"rendered":"KONFEKTES \u017dELEJAS APELS\u012aNU NA\u0160\u0136IS BITS! 70G ALIS CO"},"content":{"rendered":"<p>Izcelsmes valsts: Dienvid\u0101frika<\/p>\n","protected":false},"excerpt":{"rendered":"<p>27.00 \u20ac\/KG<\/p>\n","protected":false},"featured_media":86511,"template":"","meta":{"_acf_changed":false,"inline_featured_image":false},"product_cat":[125,201],"product_tag":[],"acf":[],"aioseo_notices":[],"_links":{"self":[{"href":"https:\/\/rezekne.citro.lv\/ru\/wp-json\/wp\/v2\/product\/84786"}],"collection":[{"href":"https:\/\/rezekne.citro.lv\/ru\/wp-json\/wp\/v2\/product"}],"about":[{"href":"https:\/\/rezekne.citro.lv\/ru\/wp-json\/wp\/v2\/types\/product"}],"wp:featuredmedia":[{"embeddable":true,"href":"https:\/\/rezekne.citro.lv\/ru\/wp-json\/wp\/v2\/media\/86511"}],"wp:attachment":[{"href":"https:\/\/rezekne.citro.lv\/ru\/wp-json\/wp\/v2\/media?parent=84786"}],"wp:term":[{"taxonomy":"product_cat","embeddable":true,"href":"https:\/\/rezekne.citro.lv\/ru\/wp-json\/wp\/v2\/product_cat?post=84786"},{"taxonomy":"product_tag","embeddable":true,"href":"https:\/\/rezekne.citro.lv\/ru\/wp-json\/wp\/v2\/product_tag?post=84786"}],"curies":[{"name":"wp","href":"https:\/\/api.w.org\/{rel}","templated":true}]}}