{"id":84810,"date":"2026-04-23T00:02:15","date_gmt":"2026-04-22T21:02:15","guid":{"rendered":"https:\/\/rezekne.citro.lv\/veikals\/saldejums-oga-jogurta-persiku-vafelu-glazite-125ml-70g\/"},"modified":"2026-05-01T06:00:15","modified_gmt":"2026-05-01T03:00:15","slug":"saldejums-oga-jogurta-persiku-vafelu-glazite-125ml-70g","status":"publish","type":"product","link":"https:\/\/rezekne.citro.lv\/ru\/product\/saldejums-oga-jogurta-persiku-vafelu-glazite-125ml-70g\/","title":{"rendered":"SALD\u0112JUMS OGA JOGURTA PERSIKU VAFE\u013bU GL\u0100Z\u012aT\u0112 125ML\/70G"},"content":{"rendered":"<p>Izcelsmes valsts: Igaunija<\/p>\n","protected":false},"excerpt":{"rendered":"<p>12.71 \u20ac\/KG<\/p>\n","protected":false},"featured_media":85397,"template":"","meta":{"_acf_changed":false,"inline_featured_image":false},"product_cat":[233,234],"product_tag":[],"acf":[],"aioseo_notices":[],"_links":{"self":[{"href":"https:\/\/rezekne.citro.lv\/ru\/wp-json\/wp\/v2\/product\/84810"}],"collection":[{"href":"https:\/\/rezekne.citro.lv\/ru\/wp-json\/wp\/v2\/product"}],"about":[{"href":"https:\/\/rezekne.citro.lv\/ru\/wp-json\/wp\/v2\/types\/product"}],"wp:featuredmedia":[{"embeddable":true,"href":"https:\/\/rezekne.citro.lv\/ru\/wp-json\/wp\/v2\/media\/85397"}],"wp:attachment":[{"href":"https:\/\/rezekne.citro.lv\/ru\/wp-json\/wp\/v2\/media?parent=84810"}],"wp:term":[{"taxonomy":"product_cat","embeddable":true,"href":"https:\/\/rezekne.citro.lv\/ru\/wp-json\/wp\/v2\/product_cat?post=84810"},{"taxonomy":"product_tag","embeddable":true,"href":"https:\/\/rezekne.citro.lv\/ru\/wp-json\/wp\/v2\/product_tag?post=84810"}],"curies":[{"name":"wp","href":"https:\/\/api.w.org\/{rel}","templated":true}]}}