{"id":84822,"date":"2026-03-26T00:45:28","date_gmt":"2026-03-25T22:45:28","guid":{"rendered":"https:\/\/rezekne.citro.lv\/veikals\/nektars-sadocok-vinogu-abolu-950ml\/"},"modified":"2026-04-08T09:04:33","modified_gmt":"2026-04-08T06:04:33","slug":"nektars-sadocok-vinogu-abolu-950ml","status":"publish","type":"product","link":"https:\/\/rezekne.citro.lv\/ru\/product\/nektars-sadocok-vinogu-abolu-950ml\/","title":{"rendered":"NEKT\u0100RS SADO\u010cOK V\u012aNOGU \u0100BOLU 950ML"},"content":{"rendered":"<p>Izcelsmes valsts: Ukraina<\/p>\n","protected":false},"excerpt":{"rendered":"<p>1.53 \u20ac\/L<\/p>\n","protected":false},"featured_media":86844,"template":"","meta":{"_acf_changed":false,"inline_featured_image":false},"product_cat":[106,124],"product_tag":[],"acf":[],"aioseo_notices":[],"_links":{"self":[{"href":"https:\/\/rezekne.citro.lv\/ru\/wp-json\/wp\/v2\/product\/84822"}],"collection":[{"href":"https:\/\/rezekne.citro.lv\/ru\/wp-json\/wp\/v2\/product"}],"about":[{"href":"https:\/\/rezekne.citro.lv\/ru\/wp-json\/wp\/v2\/types\/product"}],"wp:featuredmedia":[{"embeddable":true,"href":"https:\/\/rezekne.citro.lv\/ru\/wp-json\/wp\/v2\/media\/86844"}],"wp:attachment":[{"href":"https:\/\/rezekne.citro.lv\/ru\/wp-json\/wp\/v2\/media?parent=84822"}],"wp:term":[{"taxonomy":"product_cat","embeddable":true,"href":"https:\/\/rezekne.citro.lv\/ru\/wp-json\/wp\/v2\/product_cat?post=84822"},{"taxonomy":"product_tag","embeddable":true,"href":"https:\/\/rezekne.citro.lv\/ru\/wp-json\/wp\/v2\/product_tag?post=84822"}],"curies":[{"name":"wp","href":"https:\/\/api.w.org\/{rel}","templated":true}]}}