{"id":84827,"date":"2026-04-30T00:02:57","date_gmt":"2026-04-29T21:02:57","guid":{"rendered":"https:\/\/rezekne.citro.lv\/veikals\/gardmaize-selu-maize-ar-kimenem-400g-lm\/"},"modified":"2026-05-02T06:26:40","modified_gmt":"2026-05-02T03:26:40","slug":"gardmaize-selu-maize-ar-kimenem-400g-lm","status":"publish","type":"product","link":"https:\/\/rezekne.citro.lv\/ru\/product\/gardmaize-selu-maize-ar-kimenem-400g-lm\/","title":{"rendered":"GARDMAIZE S\u0112\u013bU MAIZE AR \u0136IMEN\u0112M 400G LM"},"content":{"rendered":"<p>Izcelsmes valsts: Latvija<\/p>\n","protected":false},"excerpt":{"rendered":"<p>3.73 \u20ac\/KG<\/p>\n","protected":false},"featured_media":79460,"template":"","meta":{"_acf_changed":false,"inline_featured_image":false},"product_cat":[215,216],"product_tag":[],"acf":[],"aioseo_notices":[],"_links":{"self":[{"href":"https:\/\/rezekne.citro.lv\/ru\/wp-json\/wp\/v2\/product\/84827"}],"collection":[{"href":"https:\/\/rezekne.citro.lv\/ru\/wp-json\/wp\/v2\/product"}],"about":[{"href":"https:\/\/rezekne.citro.lv\/ru\/wp-json\/wp\/v2\/types\/product"}],"wp:featuredmedia":[{"embeddable":true,"href":"https:\/\/rezekne.citro.lv\/ru\/wp-json\/wp\/v2\/media\/79460"}],"wp:attachment":[{"href":"https:\/\/rezekne.citro.lv\/ru\/wp-json\/wp\/v2\/media?parent=84827"}],"wp:term":[{"taxonomy":"product_cat","embeddable":true,"href":"https:\/\/rezekne.citro.lv\/ru\/wp-json\/wp\/v2\/product_cat?post=84827"},{"taxonomy":"product_tag","embeddable":true,"href":"https:\/\/rezekne.citro.lv\/ru\/wp-json\/wp\/v2\/product_tag?post=84827"}],"curies":[{"name":"wp","href":"https:\/\/api.w.org\/{rel}","templated":true}]}}