{"id":85783,"date":"2026-04-23T00:34:53","date_gmt":"2026-04-22T21:34:53","guid":{"rendered":"https:\/\/rezekne.citro.lv\/veikals\/kafija-skistosa-jacobs-3in1-10x12-6g-126g\/"},"modified":"2026-04-29T06:04:39","modified_gmt":"2026-04-29T03:04:39","slug":"kafija-skistosa-jacobs-3in1-10x12-6g-126g","status":"publish","type":"product","link":"https:\/\/rezekne.citro.lv\/ru\/product\/kafija-skistosa-jacobs-3in1-10x12-6g-126g\/","title":{"rendered":"KAFIJA \u0160\u0136\u012aSTO\u0160\u0100 JACOBS 3IN1 10X12.6G 126G"},"content":{"rendered":"<p>Izcelsmes valsts: \u010cehija<\/p>\n","protected":false},"excerpt":{"rendered":"<p>13.41 \u20ac\/KG<\/p>\n","protected":false},"featured_media":89059,"template":"","meta":{"_acf_changed":false,"inline_featured_image":false},"product_cat":[142,179],"product_tag":[],"acf":[],"aioseo_notices":[],"_links":{"self":[{"href":"https:\/\/rezekne.citro.lv\/ru\/wp-json\/wp\/v2\/product\/85783"}],"collection":[{"href":"https:\/\/rezekne.citro.lv\/ru\/wp-json\/wp\/v2\/product"}],"about":[{"href":"https:\/\/rezekne.citro.lv\/ru\/wp-json\/wp\/v2\/types\/product"}],"wp:featuredmedia":[{"embeddable":true,"href":"https:\/\/rezekne.citro.lv\/ru\/wp-json\/wp\/v2\/media\/89059"}],"wp:attachment":[{"href":"https:\/\/rezekne.citro.lv\/ru\/wp-json\/wp\/v2\/media?parent=85783"}],"wp:term":[{"taxonomy":"product_cat","embeddable":true,"href":"https:\/\/rezekne.citro.lv\/ru\/wp-json\/wp\/v2\/product_cat?post=85783"},{"taxonomy":"product_tag","embeddable":true,"href":"https:\/\/rezekne.citro.lv\/ru\/wp-json\/wp\/v2\/product_tag?post=85783"}],"curies":[{"name":"wp","href":"https:\/\/api.w.org\/{rel}","templated":true}]}}