{"id":86314,"date":"2026-01-29T00:32:21","date_gmt":"2026-01-28T22:32:21","guid":{"rendered":"https:\/\/rezekne.citro.lv\/veikals\/bariba-kakiem-kons-my-love-ar-vistas-galu-maiga-merce-85g\/"},"modified":"2026-05-14T06:25:21","modified_gmt":"2026-05-14T03:25:21","slug":"bariba-kakiem-kons-my-love-ar-vistas-galu-maiga-merce-85g","status":"publish","type":"product","link":"https:\/\/rezekne.citro.lv\/ru\/product\/bariba-kakiem-kons-my-love-ar-vistas-galu-maiga-merce-85g\/","title":{"rendered":"BAR\u012aBA KA\u0136IEM KONS.MY LOVE AR VISTAS GA\u013bU MAIG\u0100 M\u0112RC\u0112 85G"},"content":{"rendered":"<p>Izcelsmes valsts: Lietuva<\/p>\n","protected":false},"excerpt":{"rendered":"<p>4.59 \u20ac\/KG<\/p>\n","protected":false},"featured_media":85074,"template":"","meta":{"_acf_changed":false,"inline_featured_image":false},"product_cat":[153,175],"product_tag":[],"acf":[],"aioseo_notices":[],"_links":{"self":[{"href":"https:\/\/rezekne.citro.lv\/ru\/wp-json\/wp\/v2\/product\/86314"}],"collection":[{"href":"https:\/\/rezekne.citro.lv\/ru\/wp-json\/wp\/v2\/product"}],"about":[{"href":"https:\/\/rezekne.citro.lv\/ru\/wp-json\/wp\/v2\/types\/product"}],"wp:featuredmedia":[{"embeddable":true,"href":"https:\/\/rezekne.citro.lv\/ru\/wp-json\/wp\/v2\/media\/85074"}],"wp:attachment":[{"href":"https:\/\/rezekne.citro.lv\/ru\/wp-json\/wp\/v2\/media?parent=86314"}],"wp:term":[{"taxonomy":"product_cat","embeddable":true,"href":"https:\/\/rezekne.citro.lv\/ru\/wp-json\/wp\/v2\/product_cat?post=86314"},{"taxonomy":"product_tag","embeddable":true,"href":"https:\/\/rezekne.citro.lv\/ru\/wp-json\/wp\/v2\/product_tag?post=86314"}],"curies":[{"name":"wp","href":"https:\/\/api.w.org\/{rel}","templated":true}]}}