{"id":86317,"date":"2025-09-11T02:48:46","date_gmt":"2025-09-10T23:48:46","guid":{"rendered":"https:\/\/rezekne.citro.lv\/veikals\/elektr-ierice-pret-odiem-bros10-ieliktni\/"},"modified":"2026-04-10T18:00:26","modified_gmt":"2026-04-10T15:00:26","slug":"elektr-ierice-pret-odiem-bros10-ieliktni","status":"publish","type":"product","link":"https:\/\/rezekne.citro.lv\/ru\/product\/elektr-ierice-pret-odiem-bros10-ieliktni\/","title":{"rendered":"INSEKTIC\u012aDI BROS \u0160\u0136IDRUMS PRET ODIEM UN \u0112RC\u0112M 50ML"},"content":{"rendered":"","protected":false},"excerpt":{"rendered":"<p>139.80 \u20ac\/L<\/p>\n","protected":false},"featured_media":0,"template":"","meta":{"_acf_changed":false,"inline_featured_image":false},"product_cat":[131,169],"product_tag":[],"acf":[],"aioseo_notices":[],"_links":{"self":[{"href":"https:\/\/rezekne.citro.lv\/ru\/wp-json\/wp\/v2\/product\/86317"}],"collection":[{"href":"https:\/\/rezekne.citro.lv\/ru\/wp-json\/wp\/v2\/product"}],"about":[{"href":"https:\/\/rezekne.citro.lv\/ru\/wp-json\/wp\/v2\/types\/product"}],"wp:attachment":[{"href":"https:\/\/rezekne.citro.lv\/ru\/wp-json\/wp\/v2\/media?parent=86317"}],"wp:term":[{"taxonomy":"product_cat","embeddable":true,"href":"https:\/\/rezekne.citro.lv\/ru\/wp-json\/wp\/v2\/product_cat?post=86317"},{"taxonomy":"product_tag","embeddable":true,"href":"https:\/\/rezekne.citro.lv\/ru\/wp-json\/wp\/v2\/product_tag?post=86317"}],"curies":[{"name":"wp","href":"https:\/\/api.w.org\/{rel}","templated":true}]}}