{"id":86320,"date":"2026-01-29T00:32:21","date_gmt":"2026-01-28T22:32:21","guid":{"rendered":"https:\/\/rezekne.citro.lv\/veikals\/bariba-kakeniem-kons-my-love-ar-vistas-galu-85g\/"},"modified":"2026-05-10T06:25:08","modified_gmt":"2026-05-10T03:25:08","slug":"bariba-kakeniem-kons-my-love-ar-vistas-galu-85g","status":"publish","type":"product","link":"https:\/\/rezekne.citro.lv\/ru\/product\/bariba-kakeniem-kons-my-love-ar-vistas-galu-85g\/","title":{"rendered":"BAR\u012aBA KA\u0136\u0112NIEM KONS. MY LOVE AR VISTAS GA\u013bU 85G"},"content":{"rendered":"<p>Izcelsmes valsts: Lietuva<\/p>\n","protected":false},"excerpt":{"rendered":"<p>4.59 \u20ac\/KG<\/p>\n","protected":false},"featured_media":85077,"template":"","meta":{"_acf_changed":false,"inline_featured_image":false},"product_cat":[153,175],"product_tag":[],"acf":[],"aioseo_notices":[],"_links":{"self":[{"href":"https:\/\/rezekne.citro.lv\/ru\/wp-json\/wp\/v2\/product\/86320"}],"collection":[{"href":"https:\/\/rezekne.citro.lv\/ru\/wp-json\/wp\/v2\/product"}],"about":[{"href":"https:\/\/rezekne.citro.lv\/ru\/wp-json\/wp\/v2\/types\/product"}],"wp:featuredmedia":[{"embeddable":true,"href":"https:\/\/rezekne.citro.lv\/ru\/wp-json\/wp\/v2\/media\/85077"}],"wp:attachment":[{"href":"https:\/\/rezekne.citro.lv\/ru\/wp-json\/wp\/v2\/media?parent=86320"}],"wp:term":[{"taxonomy":"product_cat","embeddable":true,"href":"https:\/\/rezekne.citro.lv\/ru\/wp-json\/wp\/v2\/product_cat?post=86320"},{"taxonomy":"product_tag","embeddable":true,"href":"https:\/\/rezekne.citro.lv\/ru\/wp-json\/wp\/v2\/product_tag?post=86320"}],"curies":[{"name":"wp","href":"https:\/\/api.w.org\/{rel}","templated":true}]}}