{"id":86337,"date":"2026-04-23T00:03:29","date_gmt":"2026-04-22T21:03:29","guid":{"rendered":"https:\/\/rezekne.citro.lv\/veikals\/ziepes-skidras-dolci-follie-lemonbasil-500ml\/"},"modified":"2026-04-30T06:00:28","modified_gmt":"2026-04-30T03:00:28","slug":"ziepes-skidras-dolci-follie-lemonbasil-500ml","status":"publish","type":"product","link":"https:\/\/rezekne.citro.lv\/ru\/product\/ziepes-skidras-dolci-follie-lemonbasil-500ml\/","title":{"rendered":"ZIEPES \u0160\u0136IDR\u0100S DOLCI FOLLIE LEMON&#038;BASIL  500ML"},"content":{"rendered":"","protected":false},"excerpt":{"rendered":"<p>2.78 \u20ac\/L<\/p>\n","protected":false},"featured_media":92033,"template":"","meta":{"_acf_changed":false,"inline_featured_image":false},"product_cat":[127,129],"product_tag":[],"acf":[],"aioseo_notices":[],"_links":{"self":[{"href":"https:\/\/rezekne.citro.lv\/ru\/wp-json\/wp\/v2\/product\/86337"}],"collection":[{"href":"https:\/\/rezekne.citro.lv\/ru\/wp-json\/wp\/v2\/product"}],"about":[{"href":"https:\/\/rezekne.citro.lv\/ru\/wp-json\/wp\/v2\/types\/product"}],"wp:featuredmedia":[{"embeddable":true,"href":"https:\/\/rezekne.citro.lv\/ru\/wp-json\/wp\/v2\/media\/92033"}],"wp:attachment":[{"href":"https:\/\/rezekne.citro.lv\/ru\/wp-json\/wp\/v2\/media?parent=86337"}],"wp:term":[{"taxonomy":"product_cat","embeddable":true,"href":"https:\/\/rezekne.citro.lv\/ru\/wp-json\/wp\/v2\/product_cat?post=86337"},{"taxonomy":"product_tag","embeddable":true,"href":"https:\/\/rezekne.citro.lv\/ru\/wp-json\/wp\/v2\/product_tag?post=86337"}],"curies":[{"name":"wp","href":"https:\/\/api.w.org\/{rel}","templated":true}]}}