{"id":86340,"date":"2026-05-07T00:03:24","date_gmt":"2026-05-06T21:03:24","guid":{"rendered":"https:\/\/rezekne.citro.lv\/veikals\/ziepes-skidras-dolci-follie-sweet-almond-500ml\/"},"modified":"2026-05-07T00:03:25","modified_gmt":"2026-05-06T21:03:25","slug":"ziepes-skidras-dolci-follie-sweet-almond-500ml","status":"publish","type":"product","link":"https:\/\/rezekne.citro.lv\/ru\/product\/ziepes-skidras-dolci-follie-sweet-almond-500ml\/","title":{"rendered":"ZIEPES \u0160\u0136IDR\u0100S DOLCI FOLLIE SWEET ALMOND 500ML"},"content":{"rendered":"","protected":false},"excerpt":{"rendered":"<p>2.58 \u20ac\/L<\/p>\n","protected":false},"featured_media":88403,"template":"","meta":{"_acf_changed":false,"inline_featured_image":false},"product_cat":[127,129],"product_tag":[],"acf":[],"aioseo_notices":[],"_links":{"self":[{"href":"https:\/\/rezekne.citro.lv\/ru\/wp-json\/wp\/v2\/product\/86340"}],"collection":[{"href":"https:\/\/rezekne.citro.lv\/ru\/wp-json\/wp\/v2\/product"}],"about":[{"href":"https:\/\/rezekne.citro.lv\/ru\/wp-json\/wp\/v2\/types\/product"}],"wp:featuredmedia":[{"embeddable":true,"href":"https:\/\/rezekne.citro.lv\/ru\/wp-json\/wp\/v2\/media\/88403"}],"wp:attachment":[{"href":"https:\/\/rezekne.citro.lv\/ru\/wp-json\/wp\/v2\/media?parent=86340"}],"wp:term":[{"taxonomy":"product_cat","embeddable":true,"href":"https:\/\/rezekne.citro.lv\/ru\/wp-json\/wp\/v2\/product_cat?post=86340"},{"taxonomy":"product_tag","embeddable":true,"href":"https:\/\/rezekne.citro.lv\/ru\/wp-json\/wp\/v2\/product_tag?post=86340"}],"curies":[{"name":"wp","href":"https:\/\/api.w.org\/{rel}","templated":true}]}}