{"id":86341,"date":"2026-04-23T00:45:35","date_gmt":"2026-04-22T21:45:35","guid":{"rendered":"https:\/\/rezekne.citro.lv\/veikals\/kilavu-filejas-garsvielas-rigas-kaija-150g-105g\/"},"modified":"2026-04-28T06:04:08","modified_gmt":"2026-04-28T03:04:08","slug":"kilavu-filejas-garsvielas-rigas-kaija-150g-105g","status":"publish","type":"product","link":"https:\/\/rezekne.citro.lv\/ru\/product\/kilavu-filejas-garsvielas-rigas-kaija-150g-105g\/","title":{"rendered":"\u0136ILAVU FILEJAS GAR\u0160VIEL\u0100S R\u012aGAS KAIJA 150G\/105G"},"content":{"rendered":"<p>Izcelsmes valsts: Latvija<\/p>\n","protected":false},"excerpt":{"rendered":"<p>24.67 \u20ac\/KG<\/p>\n","protected":false},"featured_media":86539,"template":"","meta":{"_acf_changed":false,"inline_featured_image":false},"product_cat":[135,136],"product_tag":[],"acf":[],"aioseo_notices":[],"_links":{"self":[{"href":"https:\/\/rezekne.citro.lv\/ru\/wp-json\/wp\/v2\/product\/86341"}],"collection":[{"href":"https:\/\/rezekne.citro.lv\/ru\/wp-json\/wp\/v2\/product"}],"about":[{"href":"https:\/\/rezekne.citro.lv\/ru\/wp-json\/wp\/v2\/types\/product"}],"wp:featuredmedia":[{"embeddable":true,"href":"https:\/\/rezekne.citro.lv\/ru\/wp-json\/wp\/v2\/media\/86539"}],"wp:attachment":[{"href":"https:\/\/rezekne.citro.lv\/ru\/wp-json\/wp\/v2\/media?parent=86341"}],"wp:term":[{"taxonomy":"product_cat","embeddable":true,"href":"https:\/\/rezekne.citro.lv\/ru\/wp-json\/wp\/v2\/product_cat?post=86341"},{"taxonomy":"product_tag","embeddable":true,"href":"https:\/\/rezekne.citro.lv\/ru\/wp-json\/wp\/v2\/product_tag?post=86341"}],"curies":[{"name":"wp","href":"https:\/\/api.w.org\/{rel}","templated":true}]}}