{"id":86342,"date":"2025-10-01T00:03:52","date_gmt":"2025-09-30T21:03:52","guid":{"rendered":"https:\/\/rezekne.citro.lv\/veikals\/dzeriens-gazets-tymbark-ar-abols-arbuzs-20-sulas-saturu-0-5l\/"},"modified":"2025-10-01T00:03:53","modified_gmt":"2025-09-30T21:03:53","slug":"dzeriens-gazets-tymbark-ar-abols-arbuzs-20-sulas-saturu-0-5l","status":"publish","type":"product","link":"https:\/\/rezekne.citro.lv\/ru\/product\/dzeriens-gazets-tymbark-ar-abols-arbuzs-20-sulas-saturu-0-5l\/","title":{"rendered":"DZ\u0112RIENS G\u0100Z\u0112TS TYMBARK AR \u0100BOLS-ARB\u016aZS 20% SULAS SATURU 0.5L"},"content":{"rendered":"<p>Izcelsmes valsts: Polija<\/p>\n","protected":false},"excerpt":{"rendered":"<p>2.98 \u20ac\/L<\/p>\n","protected":false},"featured_media":86617,"template":"","meta":{"_acf_changed":false,"inline_featured_image":false},"product_cat":[106,107],"product_tag":[],"acf":[],"aioseo_notices":[],"_links":{"self":[{"href":"https:\/\/rezekne.citro.lv\/ru\/wp-json\/wp\/v2\/product\/86342"}],"collection":[{"href":"https:\/\/rezekne.citro.lv\/ru\/wp-json\/wp\/v2\/product"}],"about":[{"href":"https:\/\/rezekne.citro.lv\/ru\/wp-json\/wp\/v2\/types\/product"}],"wp:featuredmedia":[{"embeddable":true,"href":"https:\/\/rezekne.citro.lv\/ru\/wp-json\/wp\/v2\/media\/86617"}],"wp:attachment":[{"href":"https:\/\/rezekne.citro.lv\/ru\/wp-json\/wp\/v2\/media?parent=86342"}],"wp:term":[{"taxonomy":"product_cat","embeddable":true,"href":"https:\/\/rezekne.citro.lv\/ru\/wp-json\/wp\/v2\/product_cat?post=86342"},{"taxonomy":"product_tag","embeddable":true,"href":"https:\/\/rezekne.citro.lv\/ru\/wp-json\/wp\/v2\/product_tag?post=86342"}],"curies":[{"name":"wp","href":"https:\/\/api.w.org\/{rel}","templated":true}]}}