{"id":86345,"date":"2026-04-23T00:46:27","date_gmt":"2026-04-22T21:46:27","guid":{"rendered":"https:\/\/rezekne.citro.lv\/veikals\/biezpiens-saldais-ar-dubaijas-sokolades-garsu-180g\/"},"modified":"2026-05-06T06:25:13","modified_gmt":"2026-05-06T03:25:13","slug":"biezpiens-saldais-ar-dubaijas-sokolades-garsu-180g","status":"publish","type":"product","link":"https:\/\/rezekne.citro.lv\/ru\/product\/biezpiens-saldais-ar-dubaijas-sokolades-garsu-180g\/","title":{"rendered":"BIEZPIENS SALDAIS BALTAIS AR DUBAIJAS \u0160OKOL\u0100DES GAR\u0160U 180G"},"content":{"rendered":"<p>Izcelsmes valsts: Latvija<\/p>\n","protected":false},"excerpt":{"rendered":"<p>8.83 \u20ac\/KG<\/p>\n","protected":false},"featured_media":86466,"template":"","meta":{"_acf_changed":false,"inline_featured_image":false},"product_cat":[95,188],"product_tag":[],"acf":[],"aioseo_notices":[],"_links":{"self":[{"href":"https:\/\/rezekne.citro.lv\/ru\/wp-json\/wp\/v2\/product\/86345"}],"collection":[{"href":"https:\/\/rezekne.citro.lv\/ru\/wp-json\/wp\/v2\/product"}],"about":[{"href":"https:\/\/rezekne.citro.lv\/ru\/wp-json\/wp\/v2\/types\/product"}],"wp:featuredmedia":[{"embeddable":true,"href":"https:\/\/rezekne.citro.lv\/ru\/wp-json\/wp\/v2\/media\/86466"}],"wp:attachment":[{"href":"https:\/\/rezekne.citro.lv\/ru\/wp-json\/wp\/v2\/media?parent=86345"}],"wp:term":[{"taxonomy":"product_cat","embeddable":true,"href":"https:\/\/rezekne.citro.lv\/ru\/wp-json\/wp\/v2\/product_cat?post=86345"},{"taxonomy":"product_tag","embeddable":true,"href":"https:\/\/rezekne.citro.lv\/ru\/wp-json\/wp\/v2\/product_tag?post=86345"}],"curies":[{"name":"wp","href":"https:\/\/api.w.org\/{rel}","templated":true}]}}