{"id":86347,"date":"2026-04-28T00:02:30","date_gmt":"2026-04-27T21:02:30","guid":{"rendered":"https:\/\/rezekne.citro.lv\/veikals\/cisini-berniem-ekspress-kg-forevers\/"},"modified":"2026-05-01T06:10:44","modified_gmt":"2026-05-01T03:10:44","slug":"cisini-berniem-ekspress-kg-forevers","status":"publish","type":"product","link":"https:\/\/rezekne.citro.lv\/ru\/product\/cisini-berniem-ekspress-kg-forevers\/","title":{"rendered":"C\u012aSI\u0145I B\u0112RNIEM EKSPRESS KG FOREVERS"},"content":{"rendered":"<p>Izcelsmes valsts: Latvija<\/p>\n","protected":false},"excerpt":{"rendered":"<p>4.79 \u20ac\/KG<\/p>\n","protected":false},"featured_media":86701,"template":"","meta":{"_acf_changed":false,"inline_featured_image":false},"product_cat":[135,192],"product_tag":[],"acf":[],"aioseo_notices":[],"_links":{"self":[{"href":"https:\/\/rezekne.citro.lv\/ru\/wp-json\/wp\/v2\/product\/86347"}],"collection":[{"href":"https:\/\/rezekne.citro.lv\/ru\/wp-json\/wp\/v2\/product"}],"about":[{"href":"https:\/\/rezekne.citro.lv\/ru\/wp-json\/wp\/v2\/types\/product"}],"wp:featuredmedia":[{"embeddable":true,"href":"https:\/\/rezekne.citro.lv\/ru\/wp-json\/wp\/v2\/media\/86701"}],"wp:attachment":[{"href":"https:\/\/rezekne.citro.lv\/ru\/wp-json\/wp\/v2\/media?parent=86347"}],"wp:term":[{"taxonomy":"product_cat","embeddable":true,"href":"https:\/\/rezekne.citro.lv\/ru\/wp-json\/wp\/v2\/product_cat?post=86347"},{"taxonomy":"product_tag","embeddable":true,"href":"https:\/\/rezekne.citro.lv\/ru\/wp-json\/wp\/v2\/product_tag?post=86347"}],"curies":[{"name":"wp","href":"https:\/\/api.w.org\/{rel}","templated":true}]}}