{"id":86350,"date":"2025-08-12T00:03:04","date_gmt":"2025-08-11T21:03:04","guid":{"rendered":"https:\/\/rezekne.citro.lv\/veikals\/bariba-kakiem-kons-ar-zivs-un-vistas-galu-maiga-merce-wise-cat-4x100g\/"},"modified":"2026-04-05T06:04:50","modified_gmt":"2026-04-05T03:04:50","slug":"bariba-kakiem-kons-ar-zivs-un-vistas-galu-maiga-merce-wise-cat-4x100g","status":"publish","type":"product","link":"https:\/\/rezekne.citro.lv\/ru\/product\/bariba-kakiem-kons-ar-zivs-un-vistas-galu-maiga-merce-wise-cat-4x100g\/","title":{"rendered":"BAR\u012aBA KA\u0136IEM KONS.AR ZIVS UN VISTAS GA\u013bU MAIG\u0100 M\u0112RC\u0112  WISE CAT 4X100G"},"content":{"rendered":"<p>Izcelsmes valsts: Ukraina<\/p>\n","protected":false},"excerpt":{"rendered":"<p>3.23 \u20ac\/KG<\/p>\n","protected":false},"featured_media":0,"template":"","meta":{"_acf_changed":false,"inline_featured_image":false},"product_cat":[153,175],"product_tag":[],"acf":[],"aioseo_notices":[],"_links":{"self":[{"href":"https:\/\/rezekne.citro.lv\/ru\/wp-json\/wp\/v2\/product\/86350"}],"collection":[{"href":"https:\/\/rezekne.citro.lv\/ru\/wp-json\/wp\/v2\/product"}],"about":[{"href":"https:\/\/rezekne.citro.lv\/ru\/wp-json\/wp\/v2\/types\/product"}],"wp:attachment":[{"href":"https:\/\/rezekne.citro.lv\/ru\/wp-json\/wp\/v2\/media?parent=86350"}],"wp:term":[{"taxonomy":"product_cat","embeddable":true,"href":"https:\/\/rezekne.citro.lv\/ru\/wp-json\/wp\/v2\/product_cat?post=86350"},{"taxonomy":"product_tag","embeddable":true,"href":"https:\/\/rezekne.citro.lv\/ru\/wp-json\/wp\/v2\/product_tag?post=86350"}],"curies":[{"name":"wp","href":"https:\/\/api.w.org\/{rel}","templated":true}]}}