{"id":86353,"date":"2026-04-09T00:07:07","date_gmt":"2026-04-08T21:07:07","guid":{"rendered":"https:\/\/rezekne.citro.lv\/veikals\/cukgala-k-k-zemnieku-majas-zavejums-kg-forevers\/"},"modified":"2026-04-19T06:10:20","modified_gmt":"2026-04-19T03:10:20","slug":"cukgala-k-k-zemnieku-majas-zavejums-kg-forevers","status":"publish","type":"product","link":"https:\/\/rezekne.citro.lv\/ru\/product\/cukgala-k-k-zemnieku-majas-zavejums-kg-forevers\/","title":{"rendered":"C\u016aKGA\u013bA K\/K ZEMNIEKU M\u0100JAS \u017d\u0100V\u0112JUMS KG FOREVERS"},"content":{"rendered":"<p>Izcelsmes valsts: Latvija<\/p>\n","protected":false},"excerpt":{"rendered":"<p>6.49 \u20ac\/KG<\/p>\n","protected":false},"featured_media":86698,"template":"","meta":{"_acf_changed":false,"inline_featured_image":false},"product_cat":[135,174],"product_tag":[],"acf":[],"aioseo_notices":[],"_links":{"self":[{"href":"https:\/\/rezekne.citro.lv\/ru\/wp-json\/wp\/v2\/product\/86353"}],"collection":[{"href":"https:\/\/rezekne.citro.lv\/ru\/wp-json\/wp\/v2\/product"}],"about":[{"href":"https:\/\/rezekne.citro.lv\/ru\/wp-json\/wp\/v2\/types\/product"}],"wp:featuredmedia":[{"embeddable":true,"href":"https:\/\/rezekne.citro.lv\/ru\/wp-json\/wp\/v2\/media\/86698"}],"wp:attachment":[{"href":"https:\/\/rezekne.citro.lv\/ru\/wp-json\/wp\/v2\/media?parent=86353"}],"wp:term":[{"taxonomy":"product_cat","embeddable":true,"href":"https:\/\/rezekne.citro.lv\/ru\/wp-json\/wp\/v2\/product_cat?post=86353"},{"taxonomy":"product_tag","embeddable":true,"href":"https:\/\/rezekne.citro.lv\/ru\/wp-json\/wp\/v2\/product_tag?post=86353"}],"curies":[{"name":"wp","href":"https:\/\/api.w.org\/{rel}","templated":true}]}}