{"id":86723,"date":"2026-03-27T00:01:56","date_gmt":"2026-03-26T22:01:56","guid":{"rendered":"https:\/\/rezekne.citro.lv\/veikals\/nudeles-atri-pag-bag-hot-chicken-ramen-ar-siera-garsu-140g\/"},"modified":"2026-05-04T06:00:31","modified_gmt":"2026-05-04T03:00:31","slug":"nudeles-atri-pag-bag-hot-chicken-ramen-ar-siera-garsu-140g","status":"publish","type":"product","link":"https:\/\/rezekne.citro.lv\/ru\/product\/nudeles-atri-pag-bag-hot-chicken-ramen-ar-siera-garsu-140g\/","title":{"rendered":"N\u016aDELES \u0100TRI PAG. BULDAK BAG  HOT CHICKEN RAMEN AR SIERA GAR\u0160U 140G"},"content":{"rendered":"<p>Izcelsmes valsts: Korejas Republika (Dienvidkoreja)[b]<\/p>\n","protected":false},"excerpt":{"rendered":"<p>12.07 \u20ac\/KG<\/p>\n","protected":false},"featured_media":86738,"template":"","meta":{"_acf_changed":false,"inline_featured_image":false},"product_cat":[111,138],"product_tag":[],"acf":[],"aioseo_notices":[],"_links":{"self":[{"href":"https:\/\/rezekne.citro.lv\/ru\/wp-json\/wp\/v2\/product\/86723"}],"collection":[{"href":"https:\/\/rezekne.citro.lv\/ru\/wp-json\/wp\/v2\/product"}],"about":[{"href":"https:\/\/rezekne.citro.lv\/ru\/wp-json\/wp\/v2\/types\/product"}],"wp:featuredmedia":[{"embeddable":true,"href":"https:\/\/rezekne.citro.lv\/ru\/wp-json\/wp\/v2\/media\/86738"}],"wp:attachment":[{"href":"https:\/\/rezekne.citro.lv\/ru\/wp-json\/wp\/v2\/media?parent=86723"}],"wp:term":[{"taxonomy":"product_cat","embeddable":true,"href":"https:\/\/rezekne.citro.lv\/ru\/wp-json\/wp\/v2\/product_cat?post=86723"},{"taxonomy":"product_tag","embeddable":true,"href":"https:\/\/rezekne.citro.lv\/ru\/wp-json\/wp\/v2\/product_tag?post=86723"}],"curies":[{"name":"wp","href":"https:\/\/api.w.org\/{rel}","templated":true}]}}