{"id":86727,"date":"2026-03-27T00:02:33","date_gmt":"2026-03-26T22:02:33","guid":{"rendered":"https:\/\/rezekne.citro.lv\/veikals\/nudeles-atri-pag-bag-hot-chicken-ramen-ar-kremigu-carbonara-garsu-130g\/"},"modified":"2026-04-09T06:25:14","modified_gmt":"2026-04-09T03:25:14","slug":"nudeles-atri-pag-bag-hot-chicken-ramen-ar-kremigu-carbonara-garsu-130g","status":"publish","type":"product","link":"https:\/\/rezekne.citro.lv\/ru\/product\/nudeles-atri-pag-bag-hot-chicken-ramen-ar-kremigu-carbonara-garsu-130g\/","title":{"rendered":"N\u016aDELES \u0100TRI PAG.BULDAK BAG HOT CHICKEN RAMEN AR KR\u0112M\u012aGU CARBONARA GAR\u0160U 130G"},"content":{"rendered":"<p>Izcelsmes valsts: Korejas Republika (Dienvidkoreja)[b]<\/p>\n","protected":false},"excerpt":{"rendered":"<p>13.00 \u20ac\/KG<\/p>\n","protected":false},"featured_media":86729,"template":"","meta":{"_acf_changed":false,"inline_featured_image":false},"product_cat":[111,138],"product_tag":[],"acf":[],"aioseo_notices":[],"_links":{"self":[{"href":"https:\/\/rezekne.citro.lv\/ru\/wp-json\/wp\/v2\/product\/86727"}],"collection":[{"href":"https:\/\/rezekne.citro.lv\/ru\/wp-json\/wp\/v2\/product"}],"about":[{"href":"https:\/\/rezekne.citro.lv\/ru\/wp-json\/wp\/v2\/types\/product"}],"wp:featuredmedia":[{"embeddable":true,"href":"https:\/\/rezekne.citro.lv\/ru\/wp-json\/wp\/v2\/media\/86729"}],"wp:attachment":[{"href":"https:\/\/rezekne.citro.lv\/ru\/wp-json\/wp\/v2\/media?parent=86727"}],"wp:term":[{"taxonomy":"product_cat","embeddable":true,"href":"https:\/\/rezekne.citro.lv\/ru\/wp-json\/wp\/v2\/product_cat?post=86727"},{"taxonomy":"product_tag","embeddable":true,"href":"https:\/\/rezekne.citro.lv\/ru\/wp-json\/wp\/v2\/product_tag?post=86727"}],"curies":[{"name":"wp","href":"https:\/\/api.w.org\/{rel}","templated":true}]}}