{"id":86728,"date":"2026-04-23T00:46:42","date_gmt":"2026-04-22T21:46:42","guid":{"rendered":"https:\/\/rezekne.citro.lv\/veikals\/kecups-pure-tomatu-780g\/"},"modified":"2026-04-27T06:04:08","modified_gmt":"2026-04-27T03:04:08","slug":"kecups-pure-tomatu-780g","status":"publish","type":"product","link":"https:\/\/rezekne.citro.lv\/ru\/product\/kecups-pure-tomatu-780g\/","title":{"rendered":"KE\u010cUPS P\u016aRE TOM\u0100TU 780G"},"content":{"rendered":"<p>Izcelsmes valsts: Lietuva<\/p>\n","protected":false},"excerpt":{"rendered":"<p>5.12 \u20ac\/L<\/p>\n","protected":false},"featured_media":93638,"template":"","meta":{"_acf_changed":false,"inline_featured_image":false},"product_cat":[116,533],"product_tag":[],"acf":[],"aioseo_notices":[],"_links":{"self":[{"href":"https:\/\/rezekne.citro.lv\/ru\/wp-json\/wp\/v2\/product\/86728"}],"collection":[{"href":"https:\/\/rezekne.citro.lv\/ru\/wp-json\/wp\/v2\/product"}],"about":[{"href":"https:\/\/rezekne.citro.lv\/ru\/wp-json\/wp\/v2\/types\/product"}],"wp:featuredmedia":[{"embeddable":true,"href":"https:\/\/rezekne.citro.lv\/ru\/wp-json\/wp\/v2\/media\/93638"}],"wp:attachment":[{"href":"https:\/\/rezekne.citro.lv\/ru\/wp-json\/wp\/v2\/media?parent=86728"}],"wp:term":[{"taxonomy":"product_cat","embeddable":true,"href":"https:\/\/rezekne.citro.lv\/ru\/wp-json\/wp\/v2\/product_cat?post=86728"},{"taxonomy":"product_tag","embeddable":true,"href":"https:\/\/rezekne.citro.lv\/ru\/wp-json\/wp\/v2\/product_tag?post=86728"}],"curies":[{"name":"wp","href":"https:\/\/api.w.org\/{rel}","templated":true}]}}