{"id":86805,"date":"2026-05-07T00:06:18","date_gmt":"2026-05-06T21:06:18","guid":{"rendered":"https:\/\/rezekne.citro.lv\/veikals\/kafija-skistosa-jacobs-3in1-20x12-6g-252g\/"},"modified":"2026-05-13T06:04:29","modified_gmt":"2026-05-13T03:04:29","slug":"kafija-skistosa-jacobs-3in1-20x12-6g-252g","status":"publish","type":"product","link":"https:\/\/rezekne.citro.lv\/ru\/product\/kafija-skistosa-jacobs-3in1-20x12-6g-252g\/","title":{"rendered":"KAFIJA \u0160\u0136\u012aSTO\u0160\u0100 JACOBS 3IN1 20X12.6G MAISI\u0145\u0100 252G"},"content":{"rendered":"<p>Izcelsmes valsts: \u010cehija<\/p>\n","protected":false},"excerpt":{"rendered":"<p>13.06 \u20ac\/KG<\/p>\n","protected":false},"featured_media":89076,"template":"","meta":{"_acf_changed":false,"inline_featured_image":false},"product_cat":[142,179],"product_tag":[],"acf":[],"aioseo_notices":[],"_links":{"self":[{"href":"https:\/\/rezekne.citro.lv\/ru\/wp-json\/wp\/v2\/product\/86805"}],"collection":[{"href":"https:\/\/rezekne.citro.lv\/ru\/wp-json\/wp\/v2\/product"}],"about":[{"href":"https:\/\/rezekne.citro.lv\/ru\/wp-json\/wp\/v2\/types\/product"}],"wp:featuredmedia":[{"embeddable":true,"href":"https:\/\/rezekne.citro.lv\/ru\/wp-json\/wp\/v2\/media\/89076"}],"wp:attachment":[{"href":"https:\/\/rezekne.citro.lv\/ru\/wp-json\/wp\/v2\/media?parent=86805"}],"wp:term":[{"taxonomy":"product_cat","embeddable":true,"href":"https:\/\/rezekne.citro.lv\/ru\/wp-json\/wp\/v2\/product_cat?post=86805"},{"taxonomy":"product_tag","embeddable":true,"href":"https:\/\/rezekne.citro.lv\/ru\/wp-json\/wp\/v2\/product_tag?post=86805"}],"curies":[{"name":"wp","href":"https:\/\/api.w.org\/{rel}","templated":true}]}}