{"id":87266,"date":"2026-04-23T00:34:38","date_gmt":"2026-04-22T21:34:38","guid":{"rendered":"https:\/\/rezekne.citro.lv\/veikals\/konservi-skumbriju-filejas-tomatu-merce-170g-kaija\/"},"modified":"2026-04-23T00:34:45","modified_gmt":"2026-04-22T21:34:45","slug":"konservi-skumbriju-filejas-tomatu-merce-170g-kaija","status":"publish","type":"product","link":"https:\/\/rezekne.citro.lv\/ru\/product\/konservi-skumbriju-filejas-tomatu-merce-170g-kaija\/","title":{"rendered":"KONSERVI SKUMBRIJU FILEJAS TOM\u0100TU M\u0112RC\u0112 170G KAIJA"},"content":{"rendered":"<p>Izcelsmes valsts: Latvija<\/p>\n","protected":false},"excerpt":{"rendered":"<p>15.24 \u20ac\/KG<\/p>\n","protected":false},"featured_media":87058,"template":"","meta":{"_acf_changed":false,"inline_featured_image":false},"product_cat":[135,136],"product_tag":[],"acf":[],"aioseo_notices":[],"_links":{"self":[{"href":"https:\/\/rezekne.citro.lv\/ru\/wp-json\/wp\/v2\/product\/87266"}],"collection":[{"href":"https:\/\/rezekne.citro.lv\/ru\/wp-json\/wp\/v2\/product"}],"about":[{"href":"https:\/\/rezekne.citro.lv\/ru\/wp-json\/wp\/v2\/types\/product"}],"wp:featuredmedia":[{"embeddable":true,"href":"https:\/\/rezekne.citro.lv\/ru\/wp-json\/wp\/v2\/media\/87058"}],"wp:attachment":[{"href":"https:\/\/rezekne.citro.lv\/ru\/wp-json\/wp\/v2\/media?parent=87266"}],"wp:term":[{"taxonomy":"product_cat","embeddable":true,"href":"https:\/\/rezekne.citro.lv\/ru\/wp-json\/wp\/v2\/product_cat?post=87266"},{"taxonomy":"product_tag","embeddable":true,"href":"https:\/\/rezekne.citro.lv\/ru\/wp-json\/wp\/v2\/product_tag?post=87266"}],"curies":[{"name":"wp","href":"https:\/\/api.w.org\/{rel}","templated":true}]}}