{"id":87268,"date":"2026-02-26T00:33:34","date_gmt":"2026-02-25T22:33:34","guid":{"rendered":"https:\/\/rezekne.citro.lv\/veikals\/dzeriens-njoy-ar-arbuzu-garsu-1-5l-pet\/"},"modified":"2026-04-30T06:04:42","modified_gmt":"2026-04-30T03:04:42","slug":"dzeriens-njoy-ar-arbuzu-garsu-1-5l-pet","status":"publish","type":"product","link":"https:\/\/rezekne.citro.lv\/ru\/product\/dzeriens-njoy-ar-arbuzu-garsu-1-5l-pet\/","title":{"rendered":"DZ\u0112RIENS NJOY AR ARB\u016aZU GAR\u0160U 1.5L PET"},"content":{"rendered":"<p>Izcelsmes valsts: Latvija<\/p>\n","protected":false},"excerpt":{"rendered":"<p>0.99 \u20ac\/L<\/p>\n","protected":false},"featured_media":86973,"template":"","meta":{"_acf_changed":false,"inline_featured_image":false},"product_cat":[106,124],"product_tag":[],"acf":[],"aioseo_notices":[],"_links":{"self":[{"href":"https:\/\/rezekne.citro.lv\/ru\/wp-json\/wp\/v2\/product\/87268"}],"collection":[{"href":"https:\/\/rezekne.citro.lv\/ru\/wp-json\/wp\/v2\/product"}],"about":[{"href":"https:\/\/rezekne.citro.lv\/ru\/wp-json\/wp\/v2\/types\/product"}],"wp:featuredmedia":[{"embeddable":true,"href":"https:\/\/rezekne.citro.lv\/ru\/wp-json\/wp\/v2\/media\/86973"}],"wp:attachment":[{"href":"https:\/\/rezekne.citro.lv\/ru\/wp-json\/wp\/v2\/media?parent=87268"}],"wp:term":[{"taxonomy":"product_cat","embeddable":true,"href":"https:\/\/rezekne.citro.lv\/ru\/wp-json\/wp\/v2\/product_cat?post=87268"},{"taxonomy":"product_tag","embeddable":true,"href":"https:\/\/rezekne.citro.lv\/ru\/wp-json\/wp\/v2\/product_tag?post=87268"}],"curies":[{"name":"wp","href":"https:\/\/api.w.org\/{rel}","templated":true}]}}