{"id":87476,"date":"2026-03-26T00:30:25","date_gmt":"2026-03-25T22:30:25","guid":{"rendered":"https:\/\/rezekne.citro.lv\/veikals\/batonins-piena-sok-ar-mandelu-un-kokosr-pild-roshen-38g\/"},"modified":"2026-04-06T06:02:25","modified_gmt":"2026-04-06T03:02:25","slug":"batonins-piena-sok-ar-mandelu-un-kokosr-pild-roshen-38g","status":"publish","type":"product","link":"https:\/\/rezekne.citro.lv\/ru\/product\/batonins-piena-sok-ar-mandelu-un-kokosr-pild-roshen-38g\/","title":{"rendered":"BATONI\u0145\u0160 PIENA \u0160OK.AR MANDE\u013bU UN KOKOSR.PILD. ROSHEN 38G"},"content":{"rendered":"<p>Izcelsmes valsts: Ukraina<\/p>\n","protected":false},"excerpt":{"rendered":"<p>12.89 \u20ac\/KG<\/p>\n","protected":false},"featured_media":88957,"template":"","meta":{"_acf_changed":false,"inline_featured_image":false},"product_cat":[125,134],"product_tag":[],"acf":[],"aioseo_notices":[],"_links":{"self":[{"href":"https:\/\/rezekne.citro.lv\/ru\/wp-json\/wp\/v2\/product\/87476"}],"collection":[{"href":"https:\/\/rezekne.citro.lv\/ru\/wp-json\/wp\/v2\/product"}],"about":[{"href":"https:\/\/rezekne.citro.lv\/ru\/wp-json\/wp\/v2\/types\/product"}],"wp:featuredmedia":[{"embeddable":true,"href":"https:\/\/rezekne.citro.lv\/ru\/wp-json\/wp\/v2\/media\/88957"}],"wp:attachment":[{"href":"https:\/\/rezekne.citro.lv\/ru\/wp-json\/wp\/v2\/media?parent=87476"}],"wp:term":[{"taxonomy":"product_cat","embeddable":true,"href":"https:\/\/rezekne.citro.lv\/ru\/wp-json\/wp\/v2\/product_cat?post=87476"},{"taxonomy":"product_tag","embeddable":true,"href":"https:\/\/rezekne.citro.lv\/ru\/wp-json\/wp\/v2\/product_tag?post=87476"}],"curies":[{"name":"wp","href":"https:\/\/api.w.org\/{rel}","templated":true}]}}