{"id":87477,"date":"2026-04-09T00:05:46","date_gmt":"2026-04-08T21:05:46","guid":{"rendered":"https:\/\/rezekne.citro.lv\/veikals\/batonins-piena-sok-ar-zemesriekstu-pild-roshen-39g\/"},"modified":"2026-04-11T06:04:02","modified_gmt":"2026-04-11T03:04:02","slug":"batonins-piena-sok-ar-zemesriekstu-pild-roshen-39g","status":"publish","type":"product","link":"https:\/\/rezekne.citro.lv\/ru\/product\/batonins-piena-sok-ar-zemesriekstu-pild-roshen-39g\/","title":{"rendered":"BATONI\u0145\u0160 PIENA \u0160OK. AR ZEMESRIEKSTU PILD. ROSHEN 39G"},"content":{"rendered":"<p>Izcelsmes valsts: Ukraina<\/p>\n","protected":false},"excerpt":{"rendered":"<p>12.56 \u20ac\/KG<\/p>\n","protected":false},"featured_media":88958,"template":"","meta":{"_acf_changed":false,"inline_featured_image":false},"product_cat":[125,134],"product_tag":[],"acf":[],"aioseo_notices":[],"_links":{"self":[{"href":"https:\/\/rezekne.citro.lv\/ru\/wp-json\/wp\/v2\/product\/87477"}],"collection":[{"href":"https:\/\/rezekne.citro.lv\/ru\/wp-json\/wp\/v2\/product"}],"about":[{"href":"https:\/\/rezekne.citro.lv\/ru\/wp-json\/wp\/v2\/types\/product"}],"wp:featuredmedia":[{"embeddable":true,"href":"https:\/\/rezekne.citro.lv\/ru\/wp-json\/wp\/v2\/media\/88958"}],"wp:attachment":[{"href":"https:\/\/rezekne.citro.lv\/ru\/wp-json\/wp\/v2\/media?parent=87477"}],"wp:term":[{"taxonomy":"product_cat","embeddable":true,"href":"https:\/\/rezekne.citro.lv\/ru\/wp-json\/wp\/v2\/product_cat?post=87477"},{"taxonomy":"product_tag","embeddable":true,"href":"https:\/\/rezekne.citro.lv\/ru\/wp-json\/wp\/v2\/product_tag?post=87477"}],"curies":[{"name":"wp","href":"https:\/\/api.w.org\/{rel}","templated":true}]}}