{"id":87478,"date":"2026-04-23T00:46:34","date_gmt":"2026-04-22T21:46:34","guid":{"rendered":"https:\/\/rezekne.citro.lv\/veikals\/batonins-piena-sok-ar-zemesr-un-sokol-pild-roshen-38g\/"},"modified":"2026-04-27T06:04:04","modified_gmt":"2026-04-27T03:04:04","slug":"batonins-piena-sok-ar-zemesr-un-sokol-pild-roshen-38g","status":"publish","type":"product","link":"https:\/\/rezekne.citro.lv\/ru\/product\/batonins-piena-sok-ar-zemesr-un-sokol-pild-roshen-38g\/","title":{"rendered":"BATONI\u0145\u0160 PIENA \u0160OK. AR ZEMESR.UN \u0160OKOL. PILD. ROSHEN 38G"},"content":{"rendered":"<p>Izcelsmes valsts: Ukraina<\/p>\n","protected":false},"excerpt":{"rendered":"<p>17.11 \u20ac\/KG<\/p>\n","protected":false},"featured_media":88956,"template":"","meta":{"_acf_changed":false,"inline_featured_image":false},"product_cat":[125,134],"product_tag":[],"acf":[],"aioseo_notices":[],"_links":{"self":[{"href":"https:\/\/rezekne.citro.lv\/ru\/wp-json\/wp\/v2\/product\/87478"}],"collection":[{"href":"https:\/\/rezekne.citro.lv\/ru\/wp-json\/wp\/v2\/product"}],"about":[{"href":"https:\/\/rezekne.citro.lv\/ru\/wp-json\/wp\/v2\/types\/product"}],"wp:featuredmedia":[{"embeddable":true,"href":"https:\/\/rezekne.citro.lv\/ru\/wp-json\/wp\/v2\/media\/88956"}],"wp:attachment":[{"href":"https:\/\/rezekne.citro.lv\/ru\/wp-json\/wp\/v2\/media?parent=87478"}],"wp:term":[{"taxonomy":"product_cat","embeddable":true,"href":"https:\/\/rezekne.citro.lv\/ru\/wp-json\/wp\/v2\/product_cat?post=87478"},{"taxonomy":"product_tag","embeddable":true,"href":"https:\/\/rezekne.citro.lv\/ru\/wp-json\/wp\/v2\/product_tag?post=87478"}],"curies":[{"name":"wp","href":"https:\/\/api.w.org\/{rel}","templated":true}]}}