{"id":87493,"date":"2026-02-26T00:18:58","date_gmt":"2026-02-25T22:18:58","guid":{"rendered":"https:\/\/rezekne.citro.lv\/veikals\/velas-mazgasanas-kapsulas-ariel-color-12gab\/"},"modified":"2026-04-12T06:03:30","modified_gmt":"2026-04-12T03:03:30","slug":"velas-mazgasanas-kapsulas-ariel-color-12gab","status":"publish","type":"product","link":"https:\/\/rezekne.citro.lv\/ru\/product\/velas-mazgasanas-kapsulas-ariel-color-12gab\/","title":{"rendered":"VE\u013bAS MAZG\u0100\u0160ANAS KAPSULAS ARIEL COLOR 12GAB"},"content":{"rendered":"","protected":false},"excerpt":{"rendered":"","protected":false},"featured_media":90649,"template":"","meta":{"_acf_changed":false,"inline_featured_image":false},"product_cat":[131,184],"product_tag":[],"acf":[],"aioseo_notices":[],"_links":{"self":[{"href":"https:\/\/rezekne.citro.lv\/ru\/wp-json\/wp\/v2\/product\/87493"}],"collection":[{"href":"https:\/\/rezekne.citro.lv\/ru\/wp-json\/wp\/v2\/product"}],"about":[{"href":"https:\/\/rezekne.citro.lv\/ru\/wp-json\/wp\/v2\/types\/product"}],"wp:featuredmedia":[{"embeddable":true,"href":"https:\/\/rezekne.citro.lv\/ru\/wp-json\/wp\/v2\/media\/90649"}],"wp:attachment":[{"href":"https:\/\/rezekne.citro.lv\/ru\/wp-json\/wp\/v2\/media?parent=87493"}],"wp:term":[{"taxonomy":"product_cat","embeddable":true,"href":"https:\/\/rezekne.citro.lv\/ru\/wp-json\/wp\/v2\/product_cat?post=87493"},{"taxonomy":"product_tag","embeddable":true,"href":"https:\/\/rezekne.citro.lv\/ru\/wp-json\/wp\/v2\/product_tag?post=87493"}],"curies":[{"name":"wp","href":"https:\/\/api.w.org\/{rel}","templated":true}]}}