{"id":87508,"date":"2026-05-07T00:05:08","date_gmt":"2026-05-06T21:05:08","guid":{"rendered":"https:\/\/rezekne.citro.lv\/veikals\/velas-mazgasanas-kapsulas-ariel-mountain-spring-30gab\/"},"modified":"2026-05-07T00:05:10","modified_gmt":"2026-05-06T21:05:10","slug":"velas-mazgasanas-kapsulas-ariel-mountain-spring-30gab","status":"publish","type":"product","link":"https:\/\/rezekne.citro.lv\/ru\/product\/velas-mazgasanas-kapsulas-ariel-mountain-spring-30gab\/","title":{"rendered":"VE\u013bAS MAZG\u0100\u0160ANAS KAPSULAS ARIEL MOUNTAIN SPRING 30GAB"},"content":{"rendered":"","protected":false},"excerpt":{"rendered":"<p>0.47 \u20ac\/GAB<\/p>\n","protected":false},"featured_media":92046,"template":"","meta":{"_acf_changed":false,"inline_featured_image":false},"product_cat":[131,184],"product_tag":[],"acf":[],"aioseo_notices":[],"_links":{"self":[{"href":"https:\/\/rezekne.citro.lv\/ru\/wp-json\/wp\/v2\/product\/87508"}],"collection":[{"href":"https:\/\/rezekne.citro.lv\/ru\/wp-json\/wp\/v2\/product"}],"about":[{"href":"https:\/\/rezekne.citro.lv\/ru\/wp-json\/wp\/v2\/types\/product"}],"wp:featuredmedia":[{"embeddable":true,"href":"https:\/\/rezekne.citro.lv\/ru\/wp-json\/wp\/v2\/media\/92046"}],"wp:attachment":[{"href":"https:\/\/rezekne.citro.lv\/ru\/wp-json\/wp\/v2\/media?parent=87508"}],"wp:term":[{"taxonomy":"product_cat","embeddable":true,"href":"https:\/\/rezekne.citro.lv\/ru\/wp-json\/wp\/v2\/product_cat?post=87508"},{"taxonomy":"product_tag","embeddable":true,"href":"https:\/\/rezekne.citro.lv\/ru\/wp-json\/wp\/v2\/product_tag?post=87508"}],"curies":[{"name":"wp","href":"https:\/\/api.w.org\/{rel}","templated":true}]}}