{"id":87515,"date":"2026-04-23T00:02:07","date_gmt":"2026-04-22T21:02:07","guid":{"rendered":"https:\/\/rezekne.citro.lv\/veikals\/surimi-garneles-kiploku-ella-port-lite-surimi-320g-200g\/"},"modified":"2026-05-02T06:00:17","modified_gmt":"2026-05-02T03:00:17","slug":"surimi-garneles-kiploku-ella-port-lite-surimi-320g-200g","status":"publish","type":"product","link":"https:\/\/rezekne.citro.lv\/ru\/product\/surimi-garneles-kiploku-ella-port-lite-surimi-320g-200g\/","title":{"rendered":"SURIMI GARNELES \u0136IPLOKU E\u013b\u013b\u0100 PORT LITE SURIMI 320G\/ 200G"},"content":{"rendered":"<p>Izcelsmes valsts: Latvija<\/p>\n","protected":false},"excerpt":{"rendered":"<p>18.45 \u20ac\/KG<\/p>\n","protected":false},"featured_media":87750,"template":"","meta":{"_acf_changed":false,"inline_featured_image":false},"product_cat":[135,136],"product_tag":[],"acf":[],"aioseo_notices":[],"_links":{"self":[{"href":"https:\/\/rezekne.citro.lv\/ru\/wp-json\/wp\/v2\/product\/87515"}],"collection":[{"href":"https:\/\/rezekne.citro.lv\/ru\/wp-json\/wp\/v2\/product"}],"about":[{"href":"https:\/\/rezekne.citro.lv\/ru\/wp-json\/wp\/v2\/types\/product"}],"wp:featuredmedia":[{"embeddable":true,"href":"https:\/\/rezekne.citro.lv\/ru\/wp-json\/wp\/v2\/media\/87750"}],"wp:attachment":[{"href":"https:\/\/rezekne.citro.lv\/ru\/wp-json\/wp\/v2\/media?parent=87515"}],"wp:term":[{"taxonomy":"product_cat","embeddable":true,"href":"https:\/\/rezekne.citro.lv\/ru\/wp-json\/wp\/v2\/product_cat?post=87515"},{"taxonomy":"product_tag","embeddable":true,"href":"https:\/\/rezekne.citro.lv\/ru\/wp-json\/wp\/v2\/product_tag?post=87515"}],"curies":[{"name":"wp","href":"https:\/\/api.w.org\/{rel}","templated":true}]}}