{"id":87518,"date":"2026-02-26T00:03:20","date_gmt":"2026-02-25T22:03:20","guid":{"rendered":"https:\/\/rezekne.citro.lv\/veikals\/galas-uzkoda-kodiens-cala-galas-cipsi-45g\/"},"modified":"2026-04-22T06:00:44","modified_gmt":"2026-04-22T03:00:44","slug":"galas-uzkoda-kodiens-cala-galas-cipsi-45g","status":"publish","type":"product","link":"https:\/\/rezekne.citro.lv\/ru\/product\/galas-uzkoda-kodiens-cala-galas-cipsi-45g\/","title":{"rendered":"GA\u013bAS UZKODA KODIENS C\u0100\u013bA GA\u013bAS \u010cIP\u0160I 45G"},"content":{"rendered":"<p>Izcelsmes valsts: Igaunija<\/p>\n","protected":false},"excerpt":{"rendered":"<p>44.22 \u20ac\/KG<\/p>\n","protected":false},"featured_media":87671,"template":"","meta":{"_acf_changed":false,"inline_featured_image":false},"product_cat":[135,174],"product_tag":[],"acf":[],"aioseo_notices":[],"_links":{"self":[{"href":"https:\/\/rezekne.citro.lv\/ru\/wp-json\/wp\/v2\/product\/87518"}],"collection":[{"href":"https:\/\/rezekne.citro.lv\/ru\/wp-json\/wp\/v2\/product"}],"about":[{"href":"https:\/\/rezekne.citro.lv\/ru\/wp-json\/wp\/v2\/types\/product"}],"wp:featuredmedia":[{"embeddable":true,"href":"https:\/\/rezekne.citro.lv\/ru\/wp-json\/wp\/v2\/media\/87671"}],"wp:attachment":[{"href":"https:\/\/rezekne.citro.lv\/ru\/wp-json\/wp\/v2\/media?parent=87518"}],"wp:term":[{"taxonomy":"product_cat","embeddable":true,"href":"https:\/\/rezekne.citro.lv\/ru\/wp-json\/wp\/v2\/product_cat?post=87518"},{"taxonomy":"product_tag","embeddable":true,"href":"https:\/\/rezekne.citro.lv\/ru\/wp-json\/wp\/v2\/product_tag?post=87518"}],"curies":[{"name":"wp","href":"https:\/\/api.w.org\/{rel}","templated":true}]}}