{"id":87523,"date":"2026-02-26T00:15:44","date_gmt":"2026-02-25T22:15:44","guid":{"rendered":"https:\/\/rezekne.citro.lv\/veikals\/galas-uzkoda-kodiens-pikantais-cukgalas-jerky-50g\/"},"modified":"2026-05-03T15:00:08","modified_gmt":"2026-05-03T12:00:08","slug":"galas-uzkoda-kodiens-pikantais-cukgalas-jerky-50g","status":"publish","type":"product","link":"https:\/\/rezekne.citro.lv\/ru\/product\/galas-uzkoda-kodiens-pikantais-cukgalas-jerky-50g\/","title":{"rendered":"GA\u013bAS UZKODA KODIENS PIKANTAIS C\u016aKGA\u013bAS JERKY 50G"},"content":{"rendered":"<p>Izcelsmes valsts: Igaunija<\/p>\n","protected":false},"excerpt":{"rendered":"<p>39.80 \u20ac\/KG<\/p>\n","protected":false},"featured_media":87672,"template":"","meta":{"_acf_changed":false,"inline_featured_image":false},"product_cat":[135,174],"product_tag":[],"acf":[],"aioseo_notices":[],"_links":{"self":[{"href":"https:\/\/rezekne.citro.lv\/ru\/wp-json\/wp\/v2\/product\/87523"}],"collection":[{"href":"https:\/\/rezekne.citro.lv\/ru\/wp-json\/wp\/v2\/product"}],"about":[{"href":"https:\/\/rezekne.citro.lv\/ru\/wp-json\/wp\/v2\/types\/product"}],"wp:featuredmedia":[{"embeddable":true,"href":"https:\/\/rezekne.citro.lv\/ru\/wp-json\/wp\/v2\/media\/87672"}],"wp:attachment":[{"href":"https:\/\/rezekne.citro.lv\/ru\/wp-json\/wp\/v2\/media?parent=87523"}],"wp:term":[{"taxonomy":"product_cat","embeddable":true,"href":"https:\/\/rezekne.citro.lv\/ru\/wp-json\/wp\/v2\/product_cat?post=87523"},{"taxonomy":"product_tag","embeddable":true,"href":"https:\/\/rezekne.citro.lv\/ru\/wp-json\/wp\/v2\/product_tag?post=87523"}],"curies":[{"name":"wp","href":"https:\/\/api.w.org\/{rel}","templated":true}]}}