{"id":87525,"date":"2026-02-26T00:19:33","date_gmt":"2026-02-25T22:19:33","guid":{"rendered":"https:\/\/rezekne.citro.lv\/veikals\/galas-uzkoda-kodiens-klasiskais-cukgalas-jerky-75g\/"},"modified":"2026-02-26T00:19:41","modified_gmt":"2026-02-25T22:19:41","slug":"galas-uzkoda-kodiens-klasiskais-cukgalas-jerky-75g","status":"publish","type":"product","link":"https:\/\/rezekne.citro.lv\/ru\/product\/galas-uzkoda-kodiens-klasiskais-cukgalas-jerky-75g\/","title":{"rendered":"GA\u013bAS UZKODA KODIENS KLASISKAIS C\u016aKGA\u013bAS JERKY 75G"},"content":{"rendered":"<p>Izcelsmes valsts: Igaunija<\/p>\n","protected":false},"excerpt":{"rendered":"<p>26.53 \u20ac\/KG<\/p>\n","protected":false},"featured_media":87673,"template":"","meta":{"_acf_changed":false,"inline_featured_image":false},"product_cat":[135,174],"product_tag":[],"acf":[],"aioseo_notices":[],"_links":{"self":[{"href":"https:\/\/rezekne.citro.lv\/ru\/wp-json\/wp\/v2\/product\/87525"}],"collection":[{"href":"https:\/\/rezekne.citro.lv\/ru\/wp-json\/wp\/v2\/product"}],"about":[{"href":"https:\/\/rezekne.citro.lv\/ru\/wp-json\/wp\/v2\/types\/product"}],"wp:featuredmedia":[{"embeddable":true,"href":"https:\/\/rezekne.citro.lv\/ru\/wp-json\/wp\/v2\/media\/87673"}],"wp:attachment":[{"href":"https:\/\/rezekne.citro.lv\/ru\/wp-json\/wp\/v2\/media?parent=87525"}],"wp:term":[{"taxonomy":"product_cat","embeddable":true,"href":"https:\/\/rezekne.citro.lv\/ru\/wp-json\/wp\/v2\/product_cat?post=87525"},{"taxonomy":"product_tag","embeddable":true,"href":"https:\/\/rezekne.citro.lv\/ru\/wp-json\/wp\/v2\/product_tag?post=87525"}],"curies":[{"name":"wp","href":"https:\/\/api.w.org\/{rel}","templated":true}]}}