{"id":87528,"date":"2026-02-26T00:19:41","date_gmt":"2026-02-25T22:19:41","guid":{"rendered":"https:\/\/rezekne.citro.lv\/veikals\/desinas-uzkodu-kodiens-cala-jerky-80g\/"},"modified":"2026-02-26T00:19:42","modified_gmt":"2026-02-25T22:19:42","slug":"desinas-uzkodu-kodiens-cala-jerky-80g","status":"publish","type":"product","link":"https:\/\/rezekne.citro.lv\/ru\/product\/desinas-uzkodu-kodiens-cala-jerky-80g\/","title":{"rendered":"DESI\u0145AS UZKODU KODIENS C\u0100\u013bA JERKY 80G"},"content":{"rendered":"<p>Izcelsmes valsts: Igaunija<\/p>\n","protected":false},"excerpt":{"rendered":"<p>24.88 \u20ac\/KG<\/p>\n","protected":false},"featured_media":87670,"template":"","meta":{"_acf_changed":false,"inline_featured_image":false},"product_cat":[135,174],"product_tag":[],"acf":[],"aioseo_notices":[],"_links":{"self":[{"href":"https:\/\/rezekne.citro.lv\/ru\/wp-json\/wp\/v2\/product\/87528"}],"collection":[{"href":"https:\/\/rezekne.citro.lv\/ru\/wp-json\/wp\/v2\/product"}],"about":[{"href":"https:\/\/rezekne.citro.lv\/ru\/wp-json\/wp\/v2\/types\/product"}],"wp:featuredmedia":[{"embeddable":true,"href":"https:\/\/rezekne.citro.lv\/ru\/wp-json\/wp\/v2\/media\/87670"}],"wp:attachment":[{"href":"https:\/\/rezekne.citro.lv\/ru\/wp-json\/wp\/v2\/media?parent=87528"}],"wp:term":[{"taxonomy":"product_cat","embeddable":true,"href":"https:\/\/rezekne.citro.lv\/ru\/wp-json\/wp\/v2\/product_cat?post=87528"},{"taxonomy":"product_tag","embeddable":true,"href":"https:\/\/rezekne.citro.lv\/ru\/wp-json\/wp\/v2\/product_tag?post=87528"}],"curies":[{"name":"wp","href":"https:\/\/api.w.org\/{rel}","templated":true}]}}