{"id":87530,"date":"2026-04-23T00:32:23","date_gmt":"2026-04-22T21:32:23","guid":{"rendered":"https:\/\/rezekne.citro.lv\/veikals\/udens-gazets-ar-persiku-aromatu-akvile-1-5l\/"},"modified":"2026-05-02T06:03:37","modified_gmt":"2026-05-02T03:03:37","slug":"udens-gazets-ar-persiku-aromatu-akvile-1-5l","status":"publish","type":"product","link":"https:\/\/rezekne.citro.lv\/ru\/product\/udens-gazets-ar-persiku-aromatu-akvile-1-5l\/","title":{"rendered":"\u016aDENS G\u0100Z\u0112TS AR PERSIKU AROM\u0100TU AKVILE 1.5L"},"content":{"rendered":"<p>Izcelsmes valsts: Lietuva<\/p>\n","protected":false},"excerpt":{"rendered":"<p>0.63 \u20ac\/L<\/p>\n","protected":false},"featured_media":92909,"template":"","meta":{"_acf_changed":false,"inline_featured_image":false},"product_cat":[106,186],"product_tag":[],"acf":[],"aioseo_notices":[],"_links":{"self":[{"href":"https:\/\/rezekne.citro.lv\/ru\/wp-json\/wp\/v2\/product\/87530"}],"collection":[{"href":"https:\/\/rezekne.citro.lv\/ru\/wp-json\/wp\/v2\/product"}],"about":[{"href":"https:\/\/rezekne.citro.lv\/ru\/wp-json\/wp\/v2\/types\/product"}],"wp:featuredmedia":[{"embeddable":true,"href":"https:\/\/rezekne.citro.lv\/ru\/wp-json\/wp\/v2\/media\/92909"}],"wp:attachment":[{"href":"https:\/\/rezekne.citro.lv\/ru\/wp-json\/wp\/v2\/media?parent=87530"}],"wp:term":[{"taxonomy":"product_cat","embeddable":true,"href":"https:\/\/rezekne.citro.lv\/ru\/wp-json\/wp\/v2\/product_cat?post=87530"},{"taxonomy":"product_tag","embeddable":true,"href":"https:\/\/rezekne.citro.lv\/ru\/wp-json\/wp\/v2\/product_tag?post=87530"}],"curies":[{"name":"wp","href":"https:\/\/api.w.org\/{rel}","templated":true}]}}