{"id":87533,"date":"2026-01-02T00:32:36","date_gmt":"2026-01-01T22:32:36","guid":{"rendered":"https:\/\/rezekne.citro.lv\/veikals\/sprotes-tomatu-merce-170g-188g\/"},"modified":"2026-03-20T06:04:21","modified_gmt":"2026-03-20T04:04:21","slug":"sprotes-tomatu-merce-170g-188g","status":"publish","type":"product","link":"https:\/\/rezekne.citro.lv\/ru\/product\/sprotes-tomatu-merce-170g-188g\/","title":{"rendered":"\u0160PROTES TOM\u0100TU M\u0112RC\u0112 170G\/188G"},"content":{"rendered":"<p>Izcelsmes valsts: Polija<\/p>\n","protected":false},"excerpt":{"rendered":"<p>9.94 \u20ac\/KG<\/p>\n","protected":false},"featured_media":87860,"template":"","meta":{"_acf_changed":false,"inline_featured_image":false},"product_cat":[135,136],"product_tag":[],"acf":[],"aioseo_notices":[],"_links":{"self":[{"href":"https:\/\/rezekne.citro.lv\/ru\/wp-json\/wp\/v2\/product\/87533"}],"collection":[{"href":"https:\/\/rezekne.citro.lv\/ru\/wp-json\/wp\/v2\/product"}],"about":[{"href":"https:\/\/rezekne.citro.lv\/ru\/wp-json\/wp\/v2\/types\/product"}],"wp:featuredmedia":[{"embeddable":true,"href":"https:\/\/rezekne.citro.lv\/ru\/wp-json\/wp\/v2\/media\/87860"}],"wp:attachment":[{"href":"https:\/\/rezekne.citro.lv\/ru\/wp-json\/wp\/v2\/media?parent=87533"}],"wp:term":[{"taxonomy":"product_cat","embeddable":true,"href":"https:\/\/rezekne.citro.lv\/ru\/wp-json\/wp\/v2\/product_cat?post=87533"},{"taxonomy":"product_tag","embeddable":true,"href":"https:\/\/rezekne.citro.lv\/ru\/wp-json\/wp\/v2\/product_tag?post=87533"}],"curies":[{"name":"wp","href":"https:\/\/api.w.org\/{rel}","templated":true}]}}