{"id":87951,"date":"2026-01-02T00:16:55","date_gmt":"2026-01-01T22:16:55","guid":{"rendered":"https:\/\/rezekne.citro.lv\/veikals\/gurki-saliti-muizkungu-870g-500g\/"},"modified":"2026-05-07T09:00:13","modified_gmt":"2026-05-07T06:00:13","slug":"gurki-saliti-muizkungu-870g-500g","status":"publish","type":"product","link":"https:\/\/rezekne.citro.lv\/ru\/product\/gurki-saliti-muizkungu-870g-500g\/","title":{"rendered":"GUR\u0136I S\u0100L\u012aTI MUI\u017dKUNGU 870G\/500G"},"content":{"rendered":"<p>Izcelsmes valsts: Polija<\/p>\n","protected":false},"excerpt":{"rendered":"<p>5.98 \u20ac\/KG<\/p>\n","protected":false},"featured_media":93728,"template":"","meta":{"_acf_changed":false,"inline_featured_image":false},"product_cat":[103,140],"product_tag":[],"acf":[],"aioseo_notices":[],"_links":{"self":[{"href":"https:\/\/rezekne.citro.lv\/ru\/wp-json\/wp\/v2\/product\/87951"}],"collection":[{"href":"https:\/\/rezekne.citro.lv\/ru\/wp-json\/wp\/v2\/product"}],"about":[{"href":"https:\/\/rezekne.citro.lv\/ru\/wp-json\/wp\/v2\/types\/product"}],"wp:featuredmedia":[{"embeddable":true,"href":"https:\/\/rezekne.citro.lv\/ru\/wp-json\/wp\/v2\/media\/93728"}],"wp:attachment":[{"href":"https:\/\/rezekne.citro.lv\/ru\/wp-json\/wp\/v2\/media?parent=87951"}],"wp:term":[{"taxonomy":"product_cat","embeddable":true,"href":"https:\/\/rezekne.citro.lv\/ru\/wp-json\/wp\/v2\/product_cat?post=87951"},{"taxonomy":"product_tag","embeddable":true,"href":"https:\/\/rezekne.citro.lv\/ru\/wp-json\/wp\/v2\/product_tag?post=87951"}],"curies":[{"name":"wp","href":"https:\/\/api.w.org\/{rel}","templated":true}]}}