{"id":87991,"date":"2026-03-26T00:31:33","date_gmt":"2026-03-25T22:31:33","guid":{"rendered":"https:\/\/rezekne.citro.lv\/veikals\/karumi-primadog-vistas-galas-maltite-260g\/"},"modified":"2026-04-06T06:02:43","modified_gmt":"2026-04-06T03:02:43","slug":"karumi-primadog-vistas-galas-maltite-260g","status":"publish","type":"product","link":"https:\/\/rezekne.citro.lv\/ru\/product\/karumi-primadog-vistas-galas-maltite-260g\/","title":{"rendered":"K\u0100RUMI PRIMADOG VISTAS GA\u013bAS MALT\u012aTE 260G"},"content":{"rendered":"<p>Izcelsmes valsts: Igaunija<\/p>\n","protected":false},"excerpt":{"rendered":"<p>6.12 \u20ac\/KG<\/p>\n","protected":false},"featured_media":81274,"template":"","meta":{"_acf_changed":false,"inline_featured_image":false},"product_cat":[153,154],"product_tag":[],"acf":[],"aioseo_notices":[],"_links":{"self":[{"href":"https:\/\/rezekne.citro.lv\/ru\/wp-json\/wp\/v2\/product\/87991"}],"collection":[{"href":"https:\/\/rezekne.citro.lv\/ru\/wp-json\/wp\/v2\/product"}],"about":[{"href":"https:\/\/rezekne.citro.lv\/ru\/wp-json\/wp\/v2\/types\/product"}],"wp:featuredmedia":[{"embeddable":true,"href":"https:\/\/rezekne.citro.lv\/ru\/wp-json\/wp\/v2\/media\/81274"}],"wp:attachment":[{"href":"https:\/\/rezekne.citro.lv\/ru\/wp-json\/wp\/v2\/media?parent=87991"}],"wp:term":[{"taxonomy":"product_cat","embeddable":true,"href":"https:\/\/rezekne.citro.lv\/ru\/wp-json\/wp\/v2\/product_cat?post=87991"},{"taxonomy":"product_tag","embeddable":true,"href":"https:\/\/rezekne.citro.lv\/ru\/wp-json\/wp\/v2\/product_tag?post=87991"}],"curies":[{"name":"wp","href":"https:\/\/api.w.org\/{rel}","templated":true}]}}